{"id":1238,"date":"2025-10-24T08:59:05","date_gmt":"2025-10-24T08:59:05","guid":{"rendered":"https:\/\/www.tierslieulacroisee.fr\/?page_id=1238"},"modified":"2026-02-09T20:17:23","modified_gmt":"2026-02-09T20:17:23","slug":"evenements","status":"publish","type":"page","link":"https:\/\/www.tierslieulacroisee.fr\/index.php\/evenements\/","title":{"rendered":"Prochainement"},"content":{"rendered":"\t\t<div data-elementor-type=\"wp-page\" data-elementor-id=\"1238\" class=\"elementor elementor-1238\">\n\t\t\t\t<div class=\"elementor-element elementor-element-e5b1ebb e-flex e-con-boxed wpr-particle-no wpr-jarallax-no wpr-parallax-no wpr-sticky-section-no e-con e-parent\" data-id=\"e5b1ebb\" data-element_type=\"container\">\n\t\t\t\t\t<div class=\"e-con-inner\">\n\t\t\t\t<div class=\"elementor-element elementor-element-d4fb03e elementor-widget elementor-widget-heading\" data-id=\"d4fb03e\" data-element_type=\"widget\" data-widget_type=\"heading.default\">\n\t\t\t\t\t<h2 class=\"elementor-heading-title elementor-size-default\">Prochainement<\/h2>\t\t\t\t<\/div>\n\t\t\t\t<div class=\"elementor-element elementor-element-5a31fb4 elementor-widget elementor-widget-spacer\" data-id=\"5a31fb4\" data-element_type=\"widget\" data-widget_type=\"spacer.default\">\n\t\t\t\t\t\t\t<div class=\"elementor-spacer\">\n\t\t\t<div class=\"elementor-spacer-inner\"><\/div>\n\t\t<\/div>\n\t\t\t\t\t\t<\/div>\n\t\t\t\t<div class=\"elementor-element elementor-element-ab389c4 wpr-grid-columns--mobile2 wpr-grid-columns-3 wpr-grid-columns--tablet2 wpr-grid-pagination-center wpr-item-styles-inner elementor-widget elementor-widget-wpr-grid\" data-id=\"ab389c4\" data-element_type=\"widget\" data-widget_type=\"wpr-grid.default\">\n\t\t\t\t\t<ul class=\"wpr-grid-filters elementor-clearfix wpr-grid-filters-sep-right\"><li class=\" wpr-pointer-none wpr-pointer-line-fx wpr-pointer-fx-none\"><span  data-filter=\"*\" class=\"wpr-grid-filters-item wpr-active-filter \">Tous<\/span><em class=\"wpr-grid-filters-sep\"><\/em><\/li><li class=\" wpr-pointer-none wpr-pointer-line-fx wpr-pointer-fx-none\"><span   data-ajax-filter=[\"category\",\"evenement\"]  data-filter=\".category-evenement\">Ev\u00e9nement<\/span><em class=\"wpr-grid-filters-sep\"><\/em><\/li><li class=\" wpr-pointer-none wpr-pointer-line-fx wpr-pointer-fx-none\"><span   data-ajax-filter=[\"category\",\"atelier-du-dimanche\"]  data-filter=\".category-atelier-du-dimanche\">Atelier du Dimanche<\/span><em class=\"wpr-grid-filters-sep\"><\/em><\/li><li class=\" wpr-pointer-none wpr-pointer-line-fx wpr-pointer-fx-none\"><span   data-ajax-filter=[\"category\",\"apero\"]  data-filter=\".category-apero\">Ap\u00e9ro<\/span><em class=\"wpr-grid-filters-sep\"><\/em><\/li><li class=\" wpr-pointer-none wpr-pointer-line-fx wpr-pointer-fx-none\"><span   data-ajax-filter=[\"category\",\"figurine\"]  data-filter=\".category-figurine\">Figurine<\/span><em class=\"wpr-grid-filters-sep\"><\/em><\/li><\/ul><section class=\"wpr-grid elementor-clearfix\" data-settings=\"{&quot;layout&quot;:&quot;fitRows&quot;,&quot;stick_last_element_to_bottom&quot;:&quot;&quot;,&quot;columns_desktop&quot;:3,&quot;gutter_hr&quot;:15,&quot;gutter_hr_mobile&quot;:15,&quot;gutter_hr_mobile_extra&quot;:15,&quot;gutter_hr_tablet&quot;:15,&quot;gutter_hr_tablet_extra&quot;:15,&quot;gutter_hr_laptop&quot;:15,&quot;gutter_hr_widescreen&quot;:15,&quot;gutter_vr&quot;:15,&quot;gutter_vr_mobile&quot;:15,&quot;gutter_vr_mobile_extra&quot;:15,&quot;gutter_vr_tablet&quot;:15,&quot;gutter_vr_tablet_extra&quot;:15,&quot;gutter_vr_laptop&quot;:15,&quot;gutter_vr_widescreen&quot;:15,&quot;animation&quot;:&quot;default&quot;,&quot;animation_duration&quot;:0.3,&quot;animation_delay&quot;:0.1,&quot;deeplinking&quot;:&quot;&quot;,&quot;filters_linkable&quot;:&quot;&quot;,&quot;filters_default_filter&quot;:&quot;&quot;,&quot;filters_count&quot;:&quot;&quot;,&quot;filters_hide_empty&quot;:&quot;yes&quot;,&quot;filters_animation&quot;:&quot;zoom&quot;,&quot;filters_animation_duration&quot;:0.3,&quot;filters_animation_delay&quot;:0.1,&quot;pagination_type&quot;:&quot;load-more&quot;,&quot;pagination_max_pages&quot;:1,&quot;lightbox&quot;:{&quot;selector&quot;:&quot;.wpr-grid-image-wrap&quot;,&quot;iframeMaxWidth&quot;:&quot;60%&quot;,&quot;hash&quot;:false,&quot;autoplay&quot;:&quot;true&quot;,&quot;pause&quot;:5000,&quot;progressBar&quot;:&quot;true&quot;,&quot;counter&quot;:&quot;true&quot;,&quot;controls&quot;:&quot;true&quot;,&quot;getCaptionFromTitleOrAlt&quot;:&quot;true&quot;,&quot;thumbnail&quot;:&quot;&quot;,&quot;showThumbByDefault&quot;:&quot;&quot;,&quot;share&quot;:&quot;&quot;,&quot;zoom&quot;:&quot;true&quot;,&quot;fullScreen&quot;:&quot;true&quot;,&quot;download&quot;:&quot;true&quot;}}\"><article class=\"wpr-grid-item elementor-clearfix post-2399 post type-post status-publish format-standard has-post-thumbnail hentry category-figurine\"><div class=\"wpr-grid-item-inner\"><div class=\"wpr-grid-media-wrap wpr-grayscale-in wpr-effect-size-medium \" data-overlay-link=\"yes\"><div class=\"wpr-grid-image-wrap\" data-src=\"https:\/\/www.tierslieulacroisee.fr\/wp-content\/uploads\/2026\/01\/vignette-Figurine.png\" data-img-on-hover=\"\"  data-src-secondary=\"\"><img decoding=\"async\" data-no-lazy=\"1\" src=\"https:\/\/www.tierslieulacroisee.fr\/wp-content\/uploads\/2026\/01\/vignette-Figurine.png\" alt=\"Peinture sur Figurine\" class=\"wpr-anim-timing-ease-default\"><\/div><div class=\"wpr-grid-media-hover wpr-animation-wrap\"><div class=\"wpr-grid-media-hover-bg  wpr-overlay-fade-in wpr-anim-size-large wpr-anim-timing-ease-default wpr-anim-transparency\" data-url=\"https:\/\/www.tierslieulacroisee.fr\/index.php\/2025\/04\/11\/peinture-sur-figurine-4\/\"><\/div><\/div><\/div><div class=\"wpr-grid-item-below-content elementor-clearfix\"><h2 class=\"wpr-grid-item-title elementor-repeater-item-901d383 wpr-grid-item-display-block wpr-grid-item-align-left wpr-pointer-none wpr-pointer-line-fx wpr-pointer-fx-fade\"><div class=\"inner-block\"><a target=\"_self\"  href=\"https:\/\/www.tierslieulacroisee.fr\/index.php\/2025\/04\/11\/peinture-sur-figurine-4\/\">Peinture sur Figurine<\/a><\/div><\/h2><div class=\"wpr-grid-item-excerpt elementor-repeater-item-ccd1254 wpr-grid-item-display-block wpr-grid-item-align-left\"><div class=\"inner-block\"><p>Samedi 11 Avril de 14h \u00e0 18h<\/p><\/div><\/div><\/div><\/div><\/article><article class=\"wpr-grid-item elementor-clearfix post-2361 post type-post status-publish format-standard has-post-thumbnail hentry category-evenement\"><div class=\"wpr-grid-item-inner\"><div class=\"wpr-grid-media-wrap wpr-grayscale-in wpr-effect-size-medium \" data-overlay-link=\"yes\"><div class=\"wpr-grid-image-wrap\" data-src=\"https:\/\/www.tierslieulacroisee.fr\/wp-content\/uploads\/2025\/04\/Marche-printemps-Version-Site-300x300.png\" data-img-on-hover=\"\"  data-src-secondary=\"\"><img decoding=\"async\" data-no-lazy=\"1\" src=\"https:\/\/www.tierslieulacroisee.fr\/wp-content\/uploads\/2025\/04\/Marche-printemps-Version-Site-300x300.png\" alt=\"March\u00e9 des Cr\u00e9ateurs\" class=\"wpr-anim-timing-ease-default\"><\/div><div class=\"wpr-grid-media-hover wpr-animation-wrap\"><div class=\"wpr-grid-media-hover-bg  wpr-overlay-fade-in wpr-anim-size-large wpr-anim-timing-ease-default wpr-anim-transparency\" data-url=\"https:\/\/www.tierslieulacroisee.fr\/index.php\/2025\/04\/26\/marche-des-createurs\/\"><\/div><\/div><\/div><div class=\"wpr-grid-item-below-content elementor-clearfix\"><h2 class=\"wpr-grid-item-title elementor-repeater-item-901d383 wpr-grid-item-display-block wpr-grid-item-align-left wpr-pointer-none wpr-pointer-line-fx wpr-pointer-fx-fade\"><div class=\"inner-block\"><a target=\"_self\"  href=\"https:\/\/www.tierslieulacroisee.fr\/index.php\/2025\/04\/26\/marche-des-createurs\/\">March\u00e9 des Cr\u00e9ateurs<\/a><\/div><\/h2><div class=\"wpr-grid-item-excerpt elementor-repeater-item-ccd1254 wpr-grid-item-display-block wpr-grid-item-align-left\"><div class=\"inner-block\"><p>Dimanche 26 Avril de 10h \u00e0 18h<\/p><\/div><\/div><\/div><\/div><\/article><article class=\"wpr-grid-item elementor-clearfix post-2277 post type-post status-publish format-standard has-post-thumbnail hentry category-apero\"><div class=\"wpr-grid-item-inner\"><div class=\"wpr-grid-media-wrap wpr-grayscale-in wpr-effect-size-medium \" data-overlay-link=\"yes\"><div class=\"wpr-grid-image-wrap\" data-src=\"https:\/\/www.tierslieulacroisee.fr\/wp-content\/uploads\/2025\/03\/Apero-partage.png\" data-img-on-hover=\"\"  data-src-secondary=\"\"><img decoding=\"async\" data-no-lazy=\"1\" src=\"https:\/\/www.tierslieulacroisee.fr\/wp-content\/uploads\/2025\/03\/Apero-partage.png\" alt=\"Ap\u00e9ro Partag\u00e9\" class=\"wpr-anim-timing-ease-default\"><\/div><div class=\"wpr-grid-media-hover wpr-animation-wrap\"><div class=\"wpr-grid-media-hover-bg  wpr-overlay-fade-in wpr-anim-size-large wpr-anim-timing-ease-default wpr-anim-transparency\" data-url=\"https:\/\/www.tierslieulacroisee.fr\/index.php\/2025\/05\/06\/apero-partage-5\/\"><\/div><\/div><\/div><div class=\"wpr-grid-item-below-content elementor-clearfix\"><h2 class=\"wpr-grid-item-title elementor-repeater-item-901d383 wpr-grid-item-display-block wpr-grid-item-align-left wpr-pointer-none wpr-pointer-line-fx wpr-pointer-fx-fade\"><div class=\"inner-block\"><a target=\"_self\"  href=\"https:\/\/www.tierslieulacroisee.fr\/index.php\/2025\/05\/06\/apero-partage-5\/\">Ap\u00e9ro Partag\u00e9<\/a><\/div><\/h2><div class=\"wpr-grid-item-excerpt elementor-repeater-item-ccd1254 wpr-grid-item-display-block wpr-grid-item-align-left\"><div class=\"inner-block\"><p>Mercredi 6 mai \u00e0 19h30<\/p><\/div><\/div><\/div><\/div><\/article><article class=\"wpr-grid-item elementor-clearfix post-2401 post type-post status-publish format-standard has-post-thumbnail hentry category-figurine\"><div class=\"wpr-grid-item-inner\"><div class=\"wpr-grid-media-wrap wpr-grayscale-in wpr-effect-size-medium \" data-overlay-link=\"yes\"><div class=\"wpr-grid-image-wrap\" data-src=\"https:\/\/www.tierslieulacroisee.fr\/wp-content\/uploads\/2026\/01\/vignette-Figurine.png\" data-img-on-hover=\"\"  data-src-secondary=\"\"><img decoding=\"async\" data-no-lazy=\"1\" src=\"https:\/\/www.tierslieulacroisee.fr\/wp-content\/uploads\/2026\/01\/vignette-Figurine.png\" alt=\"Peinture sur Figurine\" class=\"wpr-anim-timing-ease-default\"><\/div><div class=\"wpr-grid-media-hover wpr-animation-wrap\"><div class=\"wpr-grid-media-hover-bg  wpr-overlay-fade-in wpr-anim-size-large wpr-anim-timing-ease-default wpr-anim-transparency\" data-url=\"https:\/\/www.tierslieulacroisee.fr\/index.php\/2025\/05\/09\/peinture-sur-figurine-5\/\"><\/div><\/div><\/div><div class=\"wpr-grid-item-below-content elementor-clearfix\"><h2 class=\"wpr-grid-item-title elementor-repeater-item-901d383 wpr-grid-item-display-block wpr-grid-item-align-left wpr-pointer-none wpr-pointer-line-fx wpr-pointer-fx-fade\"><div class=\"inner-block\"><a target=\"_self\"  href=\"https:\/\/www.tierslieulacroisee.fr\/index.php\/2025\/05\/09\/peinture-sur-figurine-5\/\">Peinture sur Figurine<\/a><\/div><\/h2><div class=\"wpr-grid-item-excerpt elementor-repeater-item-ccd1254 wpr-grid-item-display-block wpr-grid-item-align-left\"><div class=\"inner-block\"><p>Samedi 9 Mai de 14h \u00e0 18h<\/p><\/div><\/div><\/div><\/div><\/article><article class=\"wpr-grid-item elementor-clearfix post-2343 post type-post status-publish format-standard has-post-thumbnail hentry category-atelier-du-dimanche\"><div class=\"wpr-grid-item-inner\"><div class=\"wpr-grid-media-wrap wpr-grayscale-in wpr-effect-size-medium \" data-overlay-link=\"yes\"><div class=\"wpr-grid-image-wrap\" data-src=\"https:\/\/www.tierslieulacroisee.fr\/wp-content\/uploads\/2025\/03\/Atelier-du-dimanche-10-05.png\" data-img-on-hover=\"\"  data-src-secondary=\"\"><img decoding=\"async\" data-no-lazy=\"1\" src=\"https:\/\/www.tierslieulacroisee.fr\/wp-content\/uploads\/2025\/03\/Atelier-du-dimanche-10-05.png\" alt=\"Ateliers du Dimanche\" class=\"wpr-anim-timing-ease-default\"><\/div><div class=\"wpr-grid-media-hover wpr-animation-wrap\"><div class=\"wpr-grid-media-hover-bg  wpr-overlay-fade-in wpr-anim-size-large wpr-anim-timing-ease-default wpr-anim-transparency\" data-url=\"https:\/\/www.tierslieulacroisee.fr\/index.php\/2025\/05\/10\/ateliers-du-dimanche-4\/\"><\/div><\/div><\/div><div class=\"wpr-grid-item-below-content elementor-clearfix\"><h2 class=\"wpr-grid-item-title elementor-repeater-item-901d383 wpr-grid-item-display-block wpr-grid-item-align-left wpr-pointer-none wpr-pointer-line-fx wpr-pointer-fx-fade\"><div class=\"inner-block\"><a target=\"_self\"  href=\"https:\/\/www.tierslieulacroisee.fr\/index.php\/2025\/05\/10\/ateliers-du-dimanche-4\/\">Ateliers du Dimanche<\/a><\/div><\/h2><div class=\"wpr-grid-item-excerpt elementor-repeater-item-ccd1254 wpr-grid-item-display-block wpr-grid-item-align-left\"><div class=\"inner-block\"><p>Dimanche 10 mai de 10h \u00e0 12h<\/p><\/div><\/div><\/div><\/div><\/article><article class=\"wpr-grid-item elementor-clearfix post-2403 post type-post status-publish format-standard has-post-thumbnail hentry category-figurine\"><div class=\"wpr-grid-item-inner\"><div class=\"wpr-grid-media-wrap wpr-grayscale-in wpr-effect-size-medium \" data-overlay-link=\"yes\"><div class=\"wpr-grid-image-wrap\" data-src=\"https:\/\/www.tierslieulacroisee.fr\/wp-content\/uploads\/2026\/01\/vignette-Figurine.png\" data-img-on-hover=\"\"  data-src-secondary=\"\"><img decoding=\"async\" data-no-lazy=\"1\" src=\"https:\/\/www.tierslieulacroisee.fr\/wp-content\/uploads\/2026\/01\/vignette-Figurine.png\" alt=\"Peinture sur Figurine\" class=\"wpr-anim-timing-ease-default\"><\/div><div class=\"wpr-grid-media-hover wpr-animation-wrap\"><div class=\"wpr-grid-media-hover-bg  wpr-overlay-fade-in wpr-anim-size-large wpr-anim-timing-ease-default wpr-anim-transparency\" data-url=\"https:\/\/www.tierslieulacroisee.fr\/index.php\/2025\/05\/23\/peinture-sur-figurine-6\/\"><\/div><\/div><\/div><div class=\"wpr-grid-item-below-content elementor-clearfix\"><h2 class=\"wpr-grid-item-title elementor-repeater-item-901d383 wpr-grid-item-display-block wpr-grid-item-align-left wpr-pointer-none wpr-pointer-line-fx wpr-pointer-fx-fade\"><div class=\"inner-block\"><a target=\"_self\"  href=\"https:\/\/www.tierslieulacroisee.fr\/index.php\/2025\/05\/23\/peinture-sur-figurine-6\/\">Peinture sur Figurine<\/a><\/div><\/h2><div class=\"wpr-grid-item-excerpt elementor-repeater-item-ccd1254 wpr-grid-item-display-block wpr-grid-item-align-left\"><div class=\"inner-block\"><p>Samedi 23 Mai de 14h \u00e0 18h<\/p><\/div><\/div><\/div><\/div><\/article><article class=\"wpr-grid-item elementor-clearfix post-2279 post type-post status-publish format-standard has-post-thumbnail hentry category-apero\"><div class=\"wpr-grid-item-inner\"><div class=\"wpr-grid-media-wrap wpr-grayscale-in wpr-effect-size-medium \" data-overlay-link=\"yes\"><div class=\"wpr-grid-image-wrap\" data-src=\"https:\/\/www.tierslieulacroisee.fr\/wp-content\/uploads\/2025\/03\/Apero-partage.png\" data-img-on-hover=\"\"  data-src-secondary=\"\"><img decoding=\"async\" data-no-lazy=\"1\" src=\"https:\/\/www.tierslieulacroisee.fr\/wp-content\/uploads\/2025\/03\/Apero-partage.png\" alt=\"Ap\u00e9ro Partag\u00e9\" class=\"wpr-anim-timing-ease-default\"><\/div><div class=\"wpr-grid-media-hover wpr-animation-wrap\"><div class=\"wpr-grid-media-hover-bg  wpr-overlay-fade-in wpr-anim-size-large wpr-anim-timing-ease-default wpr-anim-transparency\" data-url=\"https:\/\/www.tierslieulacroisee.fr\/index.php\/2025\/06\/06\/apero-partage-6\/\"><\/div><\/div><\/div><div class=\"wpr-grid-item-below-content elementor-clearfix\"><h2 class=\"wpr-grid-item-title elementor-repeater-item-901d383 wpr-grid-item-display-block wpr-grid-item-align-left wpr-pointer-none wpr-pointer-line-fx wpr-pointer-fx-fade\"><div class=\"inner-block\"><a target=\"_self\"  href=\"https:\/\/www.tierslieulacroisee.fr\/index.php\/2025\/06\/06\/apero-partage-6\/\">Ap\u00e9ro Partag\u00e9<\/a><\/div><\/h2><div class=\"wpr-grid-item-excerpt elementor-repeater-item-ccd1254 wpr-grid-item-display-block wpr-grid-item-align-left\"><div class=\"inner-block\"><p>Mercredi 3 juin \u00e0 19h30<\/p><\/div><\/div><\/div><\/div><\/article><article class=\"wpr-grid-item elementor-clearfix post-2405 post type-post status-publish format-standard has-post-thumbnail hentry category-figurine\"><div class=\"wpr-grid-item-inner\"><div class=\"wpr-grid-media-wrap wpr-grayscale-in wpr-effect-size-medium \" data-overlay-link=\"yes\"><div class=\"wpr-grid-image-wrap\" data-src=\"https:\/\/www.tierslieulacroisee.fr\/wp-content\/uploads\/2026\/01\/vignette-Figurine.png\" data-img-on-hover=\"\"  data-src-secondary=\"\"><img decoding=\"async\" data-no-lazy=\"1\" src=\"https:\/\/www.tierslieulacroisee.fr\/wp-content\/uploads\/2026\/01\/vignette-Figurine.png\" alt=\"Peinture sur Figurine\" class=\"wpr-anim-timing-ease-default\"><\/div><div class=\"wpr-grid-media-hover wpr-animation-wrap\"><div class=\"wpr-grid-media-hover-bg  wpr-overlay-fade-in wpr-anim-size-large wpr-anim-timing-ease-default wpr-anim-transparency\" data-url=\"https:\/\/www.tierslieulacroisee.fr\/index.php\/2025\/06\/06\/peinture-sur-figurine-7\/\"><\/div><\/div><\/div><div class=\"wpr-grid-item-below-content elementor-clearfix\"><h2 class=\"wpr-grid-item-title elementor-repeater-item-901d383 wpr-grid-item-display-block wpr-grid-item-align-left wpr-pointer-none wpr-pointer-line-fx wpr-pointer-fx-fade\"><div class=\"inner-block\"><a target=\"_self\"  href=\"https:\/\/www.tierslieulacroisee.fr\/index.php\/2025\/06\/06\/peinture-sur-figurine-7\/\">Peinture sur Figurine<\/a><\/div><\/h2><div class=\"wpr-grid-item-excerpt elementor-repeater-item-ccd1254 wpr-grid-item-display-block wpr-grid-item-align-left\"><div class=\"inner-block\"><p>Samedi 6 Juin de 14h \u00e0 18h<\/p><\/div><\/div><\/div><\/div><\/article><article class=\"wpr-grid-item elementor-clearfix post-2356 post type-post status-publish format-standard has-post-thumbnail hentry category-atelier-du-dimanche\"><div class=\"wpr-grid-item-inner\"><div class=\"wpr-grid-media-wrap wpr-grayscale-in wpr-effect-size-medium \" data-overlay-link=\"yes\"><div class=\"wpr-grid-image-wrap\" data-src=\"https:\/\/www.tierslieulacroisee.fr\/wp-content\/uploads\/2025\/03\/Atelier-du-dimanche-7-05.png\" data-img-on-hover=\"\"  data-src-secondary=\"\"><img decoding=\"async\" data-no-lazy=\"1\" src=\"https:\/\/www.tierslieulacroisee.fr\/wp-content\/uploads\/2025\/03\/Atelier-du-dimanche-7-05.png\" alt=\"Ateliers du Dimanche\" class=\"wpr-anim-timing-ease-default\"><\/div><div class=\"wpr-grid-media-hover wpr-animation-wrap\"><div class=\"wpr-grid-media-hover-bg  wpr-overlay-fade-in wpr-anim-size-large wpr-anim-timing-ease-default wpr-anim-transparency\" data-url=\"https:\/\/www.tierslieulacroisee.fr\/index.php\/2025\/06\/07\/ateliers-du-dimanche-5\/\"><\/div><\/div><\/div><div class=\"wpr-grid-item-below-content elementor-clearfix\"><h2 class=\"wpr-grid-item-title elementor-repeater-item-901d383 wpr-grid-item-display-block wpr-grid-item-align-left wpr-pointer-none wpr-pointer-line-fx wpr-pointer-fx-fade\"><div class=\"inner-block\"><a target=\"_self\"  href=\"https:\/\/www.tierslieulacroisee.fr\/index.php\/2025\/06\/07\/ateliers-du-dimanche-5\/\">Ateliers du Dimanche<\/a><\/div><\/h2><div class=\"wpr-grid-item-excerpt elementor-repeater-item-ccd1254 wpr-grid-item-display-block wpr-grid-item-align-left\"><div class=\"inner-block\"><p>Dimanche 7 juin de 10h \u00e0 12h<\/p><\/div><\/div><\/div><\/div><\/article><article class=\"wpr-grid-item elementor-clearfix post-2407 post type-post status-publish format-standard has-post-thumbnail hentry category-figurine\"><div class=\"wpr-grid-item-inner\"><div class=\"wpr-grid-media-wrap wpr-grayscale-in wpr-effect-size-medium \" data-overlay-link=\"yes\"><div class=\"wpr-grid-image-wrap\" data-src=\"https:\/\/www.tierslieulacroisee.fr\/wp-content\/uploads\/2026\/01\/vignette-Figurine.png\" data-img-on-hover=\"\"  data-src-secondary=\"\"><img decoding=\"async\" data-no-lazy=\"1\" src=\"https:\/\/www.tierslieulacroisee.fr\/wp-content\/uploads\/2026\/01\/vignette-Figurine.png\" alt=\"Peinture sur Figurine\" class=\"wpr-anim-timing-ease-default\"><\/div><div class=\"wpr-grid-media-hover wpr-animation-wrap\"><div class=\"wpr-grid-media-hover-bg  wpr-overlay-fade-in wpr-anim-size-large wpr-anim-timing-ease-default wpr-anim-transparency\" data-url=\"https:\/\/www.tierslieulacroisee.fr\/index.php\/2025\/06\/20\/peinture-sur-figurine-8\/\"><\/div><\/div><\/div><div class=\"wpr-grid-item-below-content elementor-clearfix\"><h2 class=\"wpr-grid-item-title elementor-repeater-item-901d383 wpr-grid-item-display-block wpr-grid-item-align-left wpr-pointer-none wpr-pointer-line-fx wpr-pointer-fx-fade\"><div class=\"inner-block\"><a target=\"_self\"  href=\"https:\/\/www.tierslieulacroisee.fr\/index.php\/2025\/06\/20\/peinture-sur-figurine-8\/\">Peinture sur Figurine<\/a><\/div><\/h2><div class=\"wpr-grid-item-excerpt elementor-repeater-item-ccd1254 wpr-grid-item-display-block wpr-grid-item-align-left\"><div class=\"inner-block\"><p>Samedi 20 Juin de 14h \u00e0 18h<\/p><\/div><\/div><\/div><\/div><\/article><\/section>\t\t\t\t<\/div>\n\t\t\t\t<div class=\"elementor-element elementor-element-c65da36 elementor-widget elementor-widget-spacer\" data-id=\"c65da36\" data-element_type=\"widget\" data-widget_type=\"spacer.default\">\n\t\t\t\t\t\t\t<div class=\"elementor-spacer\">\n\t\t\t<div class=\"elementor-spacer-inner\"><\/div>\n\t\t<\/div>\n\t\t\t\t\t\t<\/div>\n\t\t\t\t\t<\/div>\n\t\t\t\t<\/div>\n\t\t\t\t<\/div>\n\t\t","protected":false},"excerpt":{"rendered":"<p>Prochainement Tous Ev\u00e9nement Atelier du Dimanche Ap\u00e9ro Figurine Peinture sur Figurine Samedi 14 F\u00e9vrier de 14h \u00e0 18h Peinture sur Figurine Samedi 28 F\u00e9vrier de 14h \u00e0 18h Ap\u00e9ro Partag\u00e9 Mercredi 4 mars \u00e0 19h30 Ateliers du Dimanche Dimanche 8 mars de 10h \u00e0 12h Peinture sur Figurine Samedi 14 Mars de 14h \u00e0 18h Peinture sur Figurine Samedi 28 Mars de 14h \u00e0 18h Ap\u00e9ro Partag\u00e9 Mercredi 1 avril \u00e0 19h30 Peinture sur Figurine Samedi 11 Avril de 14h \u00e0 18h Ateliers du Dimanche Dimanche 12 avril de 10h \u00e0 12h March\u00e9 de Cr\u00e9ateur Dimanche 26 Avril de 10h \u00e0 18h Ap\u00e9ro Partag\u00e9 Mercredi 6 mai \u00e0 19h30 Peinture sur Figurine Samedi 9 Mai de 14h \u00e0 18h Plus d&#039;activit\u00e9s C&#039;est fini !<\/p>\n","protected":false},"author":1,"featured_media":0,"parent":0,"menu_order":0,"comment_status":"closed","ping_status":"closed","template":"","meta":{"footnotes":""},"class_list":["post-1238","page","type-page","status-publish","hentry"],"_links":{"self":[{"href":"https:\/\/www.tierslieulacroisee.fr\/index.php\/wp-json\/wp\/v2\/pages\/1238","targetHints":{"allow":["GET"]}}],"collection":[{"href":"https:\/\/www.tierslieulacroisee.fr\/index.php\/wp-json\/wp\/v2\/pages"}],"about":[{"href":"https:\/\/www.tierslieulacroisee.fr\/index.php\/wp-json\/wp\/v2\/types\/page"}],"author":[{"embeddable":true,"href":"https:\/\/www.tierslieulacroisee.fr\/index.php\/wp-json\/wp\/v2\/users\/1"}],"replies":[{"embeddable":true,"href":"https:\/\/www.tierslieulacroisee.fr\/index.php\/wp-json\/wp\/v2\/comments?post=1238"}],"version-history":[{"count":31,"href":"https:\/\/www.tierslieulacroisee.fr\/index.php\/wp-json\/wp\/v2\/pages\/1238\/revisions"}],"predecessor-version":[{"id":2411,"href":"https:\/\/www.tierslieulacroisee.fr\/index.php\/wp-json\/wp\/v2\/pages\/1238\/revisions\/2411"}],"wp:attachment":[{"href":"https:\/\/www.tierslieulacroisee.fr\/index.php\/wp-json\/wp\/v2\/media?parent=1238"}],"curies":[{"name":"wp","href":"https:\/\/api.w.org\/{rel}","templated":true}]}}