{"id":25,"date":"2025-08-10T14:04:40","date_gmt":"2025-08-10T14:04:40","guid":{"rendered":"https:\/\/www.tierslieulacroisee.fr\/index.php\/our-services\/"},"modified":"2025-11-12T13:03:27","modified_gmt":"2025-11-12T13:03:27","slug":"nos-activites","status":"publish","type":"page","link":"https:\/\/www.tierslieulacroisee.fr\/index.php\/nos-activites\/","title":{"rendered":"Nos activit\u00e9s"},"content":{"rendered":"\t\t<div data-elementor-type=\"wp-page\" data-elementor-id=\"25\" class=\"elementor elementor-25\">\n\t\t\t\t<div class=\"elementor-element elementor-element-027dfda e-flex e-con-boxed wpr-particle-no wpr-jarallax-no wpr-parallax-no wpr-sticky-section-no e-con e-parent\" data-id=\"027dfda\" data-element_type=\"container\">\n\t\t\t\t\t<div class=\"e-con-inner\">\n\t\t\t\t<div class=\"elementor-element elementor-element-a550bc1 elementor-widget elementor-widget-heading\" data-id=\"a550bc1\" data-element_type=\"widget\" data-widget_type=\"heading.default\">\n\t\t\t\t\t<h2 class=\"elementor-heading-title elementor-size-default\">Nos Activit\u00e9s<\/h2>\t\t\t\t<\/div>\n\t\t\t\t<div class=\"elementor-element elementor-element-93610c6 elementor-widget elementor-widget-spacer\" data-id=\"93610c6\" data-element_type=\"widget\" data-widget_type=\"spacer.default\">\n\t\t\t\t\t\t\t<div class=\"elementor-spacer\">\n\t\t\t<div class=\"elementor-spacer-inner\"><\/div>\n\t\t<\/div>\n\t\t\t\t\t\t<\/div>\n\t\t\t\t\t<\/div>\n\t\t\t\t<\/div>\n\t\t<div class=\"elementor-element elementor-element-e7e6a2e e-con-full e-flex wpr-particle-no wpr-jarallax-no wpr-parallax-no wpr-sticky-section-no e-con e-parent\" data-id=\"e7e6a2e\" data-element_type=\"container\" data-settings=\"{&quot;background_background&quot;:&quot;classic&quot;}\">\n\t\t\t\t<div class=\"elementor-element elementor-element-4ac30a6 elementor-position-left elementor-mobile-position-left elementor-view-default elementor-widget elementor-widget-icon-box\" data-id=\"4ac30a6\" data-element_type=\"widget\" data-widget_type=\"icon-box.default\">\n\t\t\t\t\t\t\t<div class=\"elementor-icon-box-wrapper\">\n\n\t\t\t\t\t\t<div class=\"elementor-icon-box-icon\">\n\t\t\t\t<a href=\"https:\/\/www.tierslieulacroisee.fr\/index.php\/programmation-annuelle-2025\/\" class=\"elementor-icon elementor-animation-shrink\" tabindex=\"-1\" aria-label=\"Programmation Annuelle\">\n\t\t\t\t<svg aria-hidden=\"true\" class=\"e-font-icon-svg e-far-calendar-alt\" viewBox=\"0 0 448 512\" xmlns=\"http:\/\/www.w3.org\/2000\/svg\"><path d=\"M148 288h-40c-6.6 0-12-5.4-12-12v-40c0-6.6 5.4-12 12-12h40c6.6 0 12 5.4 12 12v40c0 6.6-5.4 12-12 12zm108-12v-40c0-6.6-5.4-12-12-12h-40c-6.6 0-12 5.4-12 12v40c0 6.6 5.4 12 12 12h40c6.6 0 12-5.4 12-12zm96 0v-40c0-6.6-5.4-12-12-12h-40c-6.6 0-12 5.4-12 12v40c0 6.6 5.4 12 12 12h40c6.6 0 12-5.4 12-12zm-96 96v-40c0-6.6-5.4-12-12-12h-40c-6.6 0-12 5.4-12 12v40c0 6.6 5.4 12 12 12h40c6.6 0 12-5.4 12-12zm-96 0v-40c0-6.6-5.4-12-12-12h-40c-6.6 0-12 5.4-12 12v40c0 6.6 5.4 12 12 12h40c6.6 0 12-5.4 12-12zm192 0v-40c0-6.6-5.4-12-12-12h-40c-6.6 0-12 5.4-12 12v40c0 6.6 5.4 12 12 12h40c6.6 0 12-5.4 12-12zm96-260v352c0 26.5-21.5 48-48 48H48c-26.5 0-48-21.5-48-48V112c0-26.5 21.5-48 48-48h48V12c0-6.6 5.4-12 12-12h40c6.6 0 12 5.4 12 12v52h128V12c0-6.6 5.4-12 12-12h40c6.6 0 12 5.4 12 12v52h48c26.5 0 48 21.5 48 48zm-48 346V160H48v298c0 3.3 2.7 6 6 6h340c3.3 0 6-2.7 6-6z\"><\/path><\/svg>\t\t\t\t<\/a>\n\t\t\t<\/div>\n\t\t\t\n\t\t\t\t\t\t<div class=\"elementor-icon-box-content\">\n\n\t\t\t\t\t\t\t\t\t<h3 class=\"elementor-icon-box-title\">\n\t\t\t\t\t\t<a href=\"https:\/\/www.tierslieulacroisee.fr\/index.php\/programmation-annuelle-2025\/\" >\n\t\t\t\t\t\t\tProgrammation Annuelle\t\t\t\t\t\t<\/a>\n\t\t\t\t\t<\/h3>\n\t\t\t\t\n\t\t\t\t\t\t\t\t\t<p class=\"elementor-icon-box-description\">\n\t\t\t\t\t\tTous nos \u00e9v\u00e9nements planifi\u00e9s\t\t\t\t\t<\/p>\n\t\t\t\t\n\t\t\t<\/div>\n\t\t\t\n\t\t<\/div>\n\t\t\t\t\t\t<\/div>\n\t\t\t\t<\/div>\n\t\t<div class=\"elementor-element elementor-element-0c5c838 e-flex e-con-boxed wpr-particle-no wpr-jarallax-no wpr-parallax-no wpr-sticky-section-no e-con e-parent\" data-id=\"0c5c838\" data-element_type=\"container\">\n\t\t\t\t\t<div class=\"e-con-inner\">\n\t\t\t\t<div class=\"elementor-element elementor-element-5165442 elementor-widget elementor-widget-spacer\" data-id=\"5165442\" data-element_type=\"widget\" data-widget_type=\"spacer.default\">\n\t\t\t\t\t\t\t<div class=\"elementor-spacer\">\n\t\t\t<div class=\"elementor-spacer-inner\"><\/div>\n\t\t<\/div>\n\t\t\t\t\t\t<\/div>\n\t\t\t\t\t<\/div>\n\t\t\t\t<\/div>\n\t\t<div class=\"elementor-element elementor-element-f44a6de e-flex e-con-boxed wpr-particle-no wpr-jarallax-no wpr-parallax-no wpr-sticky-section-no e-con e-parent\" data-id=\"f44a6de\" data-element_type=\"container\">\n\t\t\t\t\t<div class=\"e-con-inner\">\n\t\t<div class=\"elementor-element elementor-element-a98a8ff e-grid e-con-full wpr-particle-no wpr-jarallax-no wpr-parallax-no wpr-sticky-section-no e-con e-child\" data-id=\"a98a8ff\" data-element_type=\"container\">\n\t\t\t\t<div class=\"elementor-element elementor-element-b504025 elementor-widget__width-initial elementor-position-top elementor-widget elementor-widget-image-box\" data-id=\"b504025\" data-element_type=\"widget\" data-widget_type=\"image-box.default\">\n\t\t\t\t\t<div class=\"elementor-image-box-wrapper\"><figure class=\"elementor-image-box-img\"><a href=\"https:\/\/www.tierslieulacroisee.fr\/index.php\/nos-activites\/elementor-2025\/\" tabindex=\"-1\"><img fetchpriority=\"high\" decoding=\"async\" width=\"650\" height=\"650\" src=\"https:\/\/www.tierslieulacroisee.fr\/wp-content\/uploads\/2025\/11\/Vignette-Grande-Ateliers-Partages-.png\" class=\"elementor-animation-grow-rotate attachment-full size-full wp-image-2048\" alt=\"\" srcset=\"https:\/\/www.tierslieulacroisee.fr\/wp-content\/uploads\/2025\/11\/Vignette-Grande-Ateliers-Partages-.png 650w, https:\/\/www.tierslieulacroisee.fr\/wp-content\/uploads\/2025\/11\/Vignette-Grande-Ateliers-Partages--300x300.png 300w, https:\/\/www.tierslieulacroisee.fr\/wp-content\/uploads\/2025\/11\/Vignette-Grande-Ateliers-Partages--150x150.png 150w\" sizes=\"(max-width: 650px) 100vw, 650px\" \/><\/a><\/figure><div class=\"elementor-image-box-content\"><h3 class=\"elementor-image-box-title\"><a href=\"https:\/\/www.tierslieulacroisee.fr\/index.php\/nos-activites\/elementor-2025\/\">Ateliers du Dimanches<\/a><\/h3><p class=\"elementor-image-box-description\">Tricotage, bricolage et plus encore.<\/p><\/div><\/div>\t\t\t\t<\/div>\n\t\t\t\t<div class=\"elementor-element elementor-element-7a746b6 elementor-widget__width-initial elementor-position-top elementor-widget elementor-widget-image-box\" data-id=\"7a746b6\" data-element_type=\"widget\" data-widget_type=\"image-box.default\">\n\t\t\t\t\t<div class=\"elementor-image-box-wrapper\"><figure class=\"elementor-image-box-img\"><img decoding=\"async\" width=\"300\" height=\"300\" src=\"https:\/\/www.tierslieulacroisee.fr\/wp-content\/uploads\/2025\/10\/Vignette-Buvette-1.jpg\" class=\"elementor-animation-grow-rotate attachment-full size-full wp-image-1554\" alt=\"\" srcset=\"https:\/\/www.tierslieulacroisee.fr\/wp-content\/uploads\/2025\/10\/Vignette-Buvette-1.jpg 300w, https:\/\/www.tierslieulacroisee.fr\/wp-content\/uploads\/2025\/10\/Vignette-Buvette-1-150x150.jpg 150w\" sizes=\"(max-width: 300px) 100vw, 300px\" \/><\/figure><div class=\"elementor-image-box-content\"><h3 class=\"elementor-image-box-title\">Buvette<\/h3><p class=\"elementor-image-box-description\">Moment convivial et animation<\/p><\/div><\/div>\t\t\t\t<\/div>\n\t\t\t\t<div class=\"elementor-element elementor-element-a61a195 elementor-widget__width-initial elementor-position-top elementor-widget elementor-widget-image-box\" data-id=\"a61a195\" data-element_type=\"widget\" data-widget_type=\"image-box.default\">\n\t\t\t\t\t<div class=\"elementor-image-box-wrapper\"><figure class=\"elementor-image-box-img\"><img decoding=\"async\" width=\"300\" height=\"300\" src=\"https:\/\/www.tierslieulacroisee.fr\/wp-content\/uploads\/2025\/10\/Vignette-Auberge-Espagnole.jpg\" class=\"elementor-animation-grow-rotate attachment-full size-full wp-image-1553\" alt=\"\" srcset=\"https:\/\/www.tierslieulacroisee.fr\/wp-content\/uploads\/2025\/10\/Vignette-Auberge-Espagnole.jpg 300w, https:\/\/www.tierslieulacroisee.fr\/wp-content\/uploads\/2025\/10\/Vignette-Auberge-Espagnole-150x150.jpg 150w\" sizes=\"(max-width: 300px) 100vw, 300px\" \/><\/figure><div class=\"elementor-image-box-content\"><h3 class=\"elementor-image-box-title\">Ap\u00e9ro Partag\u00e9s<\/h3><p class=\"elementor-image-box-description\">Venez refaire le monde avec nous.<\/p><\/div><\/div>\t\t\t\t<\/div>\n\t\t\t\t<div class=\"elementor-element elementor-element-ba7b642 elementor-widget__width-initial elementor-position-top elementor-widget elementor-widget-image-box\" data-id=\"ba7b642\" data-element_type=\"widget\" data-widget_type=\"image-box.default\">\n\t\t\t\t\t<div class=\"elementor-image-box-wrapper\"><figure class=\"elementor-image-box-img\"><a href=\"https:\/\/www.tierslieulacroisee.fr\/index.php\/nos-activites\/atelier-figurine\/\" tabindex=\"-1\"><img loading=\"lazy\" decoding=\"async\" width=\"300\" height=\"300\" src=\"https:\/\/www.tierslieulacroisee.fr\/wp-content\/uploads\/2025\/11\/Vignette-Figurine-Cour-Soclage.jpg\" class=\"elementor-animation-grow-rotate attachment-full size-full wp-image-1926\" alt=\"\" srcset=\"https:\/\/www.tierslieulacroisee.fr\/wp-content\/uploads\/2025\/11\/Vignette-Figurine-Cour-Soclage.jpg 300w, https:\/\/www.tierslieulacroisee.fr\/wp-content\/uploads\/2025\/11\/Vignette-Figurine-Cour-Soclage-150x150.jpg 150w\" sizes=\"(max-width: 300px) 100vw, 300px\" \/><\/a><\/figure><div class=\"elementor-image-box-content\"><h3 class=\"elementor-image-box-title\"><a href=\"https:\/\/www.tierslieulacroisee.fr\/index.php\/nos-activites\/atelier-figurine\/\">Figurines<\/a><\/h3><p class=\"elementor-image-box-description\">Ateliers et cours de Peinture<\/p><\/div><\/div>\t\t\t\t<\/div>\n\t\t\t\t<div class=\"elementor-element elementor-element-60c39ac elementor-widget__width-initial elementor-position-top elementor-widget elementor-widget-image-box\" data-id=\"60c39ac\" data-element_type=\"widget\" data-widget_type=\"image-box.default\">\n\t\t\t\t\t<div class=\"elementor-image-box-wrapper\"><figure class=\"elementor-image-box-img\"><a href=\"https:\/\/www.tierslieulacroisee.fr\/index.php\/nos-activites\/jdr-presentation\/\" tabindex=\"-1\"><img loading=\"lazy\" decoding=\"async\" width=\"300\" height=\"300\" src=\"https:\/\/www.tierslieulacroisee.fr\/wp-content\/uploads\/2025\/10\/Vignette-Oltree.png\" class=\"elementor-animation-grow-rotate attachment-full size-full wp-image-1552\" alt=\"\" srcset=\"https:\/\/www.tierslieulacroisee.fr\/wp-content\/uploads\/2025\/10\/Vignette-Oltree.png 300w, https:\/\/www.tierslieulacroisee.fr\/wp-content\/uploads\/2025\/10\/Vignette-Oltree-150x150.png 150w\" sizes=\"(max-width: 300px) 100vw, 300px\" \/><\/a><\/figure><div class=\"elementor-image-box-content\"><h3 class=\"elementor-image-box-title\"><a href=\"https:\/\/www.tierslieulacroisee.fr\/index.php\/nos-activites\/jdr-presentation\/\">Jeu de R\u00f4le<\/a><\/h3><p class=\"elementor-image-box-description\">Partez \u00e0 l'aventure<\/p><\/div><\/div>\t\t\t\t<\/div>\n\t\t\t\t<\/div>\n\t\t\t\t\t<\/div>\n\t\t\t\t<\/div>\n\t\t\t\t<\/div>\n\t\t","protected":false},"excerpt":{"rendered":"<p>Nos Activit\u00e9s Programmation Annuelle Tous nos \u00e9v\u00e9nements planifi\u00e9s Ateliers du Dimanches Tricotage, bricolage et plus encore. Buvette Moment convivial et animation Ap\u00e9ro Partag\u00e9s Venez refaire le monde avec nous. Figurines Ateliers et cours de Peinture Jeu de R\u00f4le Partez \u00e0 l&#8217;aventure<\/p>\n","protected":false},"author":2,"featured_media":0,"parent":0,"menu_order":0,"comment_status":"closed","ping_status":"closed","template":"elementor_header_footer","meta":{"footnotes":""},"class_list":["post-25","page","type-page","status-publish","hentry"],"_links":{"self":[{"href":"https:\/\/www.tierslieulacroisee.fr\/index.php\/wp-json\/wp\/v2\/pages\/25","targetHints":{"allow":["GET"]}}],"collection":[{"href":"https:\/\/www.tierslieulacroisee.fr\/index.php\/wp-json\/wp\/v2\/pages"}],"about":[{"href":"https:\/\/www.tierslieulacroisee.fr\/index.php\/wp-json\/wp\/v2\/types\/page"}],"author":[{"embeddable":true,"href":"https:\/\/www.tierslieulacroisee.fr\/index.php\/wp-json\/wp\/v2\/users\/2"}],"replies":[{"embeddable":true,"href":"https:\/\/www.tierslieulacroisee.fr\/index.php\/wp-json\/wp\/v2\/comments?post=25"}],"version-history":[{"count":221,"href":"https:\/\/www.tierslieulacroisee.fr\/index.php\/wp-json\/wp\/v2\/pages\/25\/revisions"}],"predecessor-version":[{"id":2203,"href":"https:\/\/www.tierslieulacroisee.fr\/index.php\/wp-json\/wp\/v2\/pages\/25\/revisions\/2203"}],"wp:attachment":[{"href":"https:\/\/www.tierslieulacroisee.fr\/index.php\/wp-json\/wp\/v2\/media?parent=25"}],"curies":[{"name":"wp","href":"https:\/\/api.w.org\/{rel}","templated":true}]}}