{"id":36,"date":"2025-08-10T14:04:41","date_gmt":"2025-08-10T14:04:41","guid":{"rendered":"https:\/\/www.tierslieulacroisee.fr\/index.php\/our-story\/"},"modified":"2025-10-24T08:49:09","modified_gmt":"2025-10-24T08:49:09","slug":"qui-sommes-nous","status":"publish","type":"page","link":"https:\/\/www.tierslieulacroisee.fr\/index.php\/notre-tiers-lieu\/qui-sommes-nous\/","title":{"rendered":"Qui sommes-nous?"},"content":{"rendered":"\t\t<div data-elementor-type=\"wp-page\" data-elementor-id=\"36\" class=\"elementor elementor-36\">\n\t\t\t\t<div class=\"elementor-element elementor-element-b4a5eba e-flex e-con-boxed wpr-particle-no wpr-jarallax-no wpr-parallax-no wpr-sticky-section-no e-con e-parent\" data-id=\"b4a5eba\" data-element_type=\"container\">\n\t\t\t\t\t<div class=\"e-con-inner\">\n\t\t\t\t<div class=\"elementor-element elementor-element-8d18dc5 elementor-widget elementor-widget-heading\" data-id=\"8d18dc5\" data-element_type=\"widget\" data-widget_type=\"heading.default\">\n\t\t\t\t\t<h2 class=\"elementor-heading-title elementor-size-default\">Pr\u00e9sentation de La Crois\u00e9e<\/h2>\t\t\t\t<\/div>\n\t\t\t\t<div class=\"elementor-element elementor-element-a078b1d elementor-widget elementor-widget-spacer\" data-id=\"a078b1d\" data-element_type=\"widget\" data-widget_type=\"spacer.default\">\n\t\t\t\t\t\t\t<div class=\"elementor-spacer\">\n\t\t\t<div class=\"elementor-spacer-inner\"><\/div>\n\t\t<\/div>\n\t\t\t\t\t\t<\/div>\n\t\t\t\t<div class=\"elementor-element elementor-element-2cce491 elementor-widget elementor-widget-text-editor\" data-id=\"2cce491\" data-element_type=\"widget\" data-widget_type=\"text-editor.default\">\n\t\t\t\t\t\t\t\t\t<p><b>La Crois\u00e9e est un lieu, mais surtout un Tiers-Lieu. Il n\u2019est pas fait juste pour se croiser, mais pour y croiser ses valeurs, ses envies, ses id\u00e9es, ses savoirs, dans un esprit de Collectif.<\/b><\/p><p><b>En th\u00e9orie, un Tiers-Lieu est \u201cun lieu o\u00f9 les personnes se plaisent \u00e0 sortir et se regrouper de mani\u00e8re informelle, situ\u00e9 hors du domicile (first-place) et du lieu de travail (second-place).\u201d (Ray Oldenburg) L\u2019espace partag\u00e9 qu\u2019il offre permet rencontres et partage, encourageant ainsi les collaborations, les initiatives citoyennes, et les projets collectifs.<\/b><\/p><p><b>En pratique, c\u2019est un lieu \u201cdu faire ensemble\u201d, mais surtout du \u201c\u00eatre ensemble\u201d. Un entrepreneur, un artiste, ou un artisan peut y cr\u00e9er ou d\u00e9velopper son activit\u00e9. Une association ou un club sportif peut y louer un espace pour pratiquer son activit\u00e9. Et surtout, des usagers peuvent venir b\u00e9n\u00e9ficier des activit\u00e9s propos\u00e9es tant par le Tiers-Lieu que ses intervenants.<\/b><\/p><p><b>Le Tiers-Lieu La Crois\u00e9e est r\u00e9gi par une association form\u00e9e de repr\u00e9sentants du Collectif, propri\u00e9taires, intervenants, locataires, b\u00e9n\u00e9voles.<\/b><\/p>\t\t\t\t\t\t\t\t<\/div>\n\t\t\t\t<div class=\"elementor-element elementor-element-dafa63f elementor-widget elementor-widget-spacer\" data-id=\"dafa63f\" data-element_type=\"widget\" data-widget_type=\"spacer.default\">\n\t\t\t\t\t\t\t<div class=\"elementor-spacer\">\n\t\t\t<div class=\"elementor-spacer-inner\"><\/div>\n\t\t<\/div>\n\t\t\t\t\t\t<\/div>\n\t\t\t\t\t<\/div>\n\t\t\t\t<\/div>\n\t\t<div class=\"elementor-element elementor-element-6ae50d4 e-con-full e-flex wpr-particle-no wpr-jarallax-no wpr-parallax-no wpr-sticky-section-no e-con e-parent\" data-id=\"6ae50d4\" data-element_type=\"container\">\n\t\t<div class=\"elementor-element elementor-element-7b4892e e-con-full e-flex wpr-particle-no wpr-jarallax-no wpr-parallax-no wpr-sticky-section-no e-con e-child\" data-id=\"7b4892e\" data-element_type=\"container\">\n\t\t\t\t<div class=\"elementor-element elementor-element-cd8689b elementor-widget elementor-widget-image\" data-id=\"cd8689b\" data-element_type=\"widget\" data-widget_type=\"image.default\">\n\t\t\t\t\t\t\t\t\t\t\t\t\t\t\t<img fetchpriority=\"high\" decoding=\"async\" width=\"273\" height=\"268\" src=\"https:\/\/www.tierslieulacroisee.fr\/wp-content\/uploads\/2025\/08\/cropped-Design-sans-titre-1.png\" class=\"attachment-large size-large wp-image-85\" alt=\"\" \/>\t\t\t\t\t\t\t\t\t\t\t\t\t\t\t<\/div>\n\t\t\t\t<\/div>\n\t\t<div class=\"elementor-element elementor-element-73119d8 e-grid e-con-full wpr-particle-no wpr-jarallax-no wpr-parallax-no wpr-sticky-section-no e-con e-child\" data-id=\"73119d8\" data-element_type=\"container\">\n\t\t\t\t<div class=\"elementor-element elementor-element-ec4462a elementor-align-center elementor-widget elementor-widget-button\" data-id=\"ec4462a\" data-element_type=\"widget\" data-widget_type=\"button.default\">\n\t\t\t\t\t\t\t\t\t\t<a class=\"elementor-button elementor-button-link elementor-size-sm\" href=\"https:\/\/www.tierslieulacroisee.fr\/index.php\/cgu\/\">\n\t\t\t\t\t\t<span class=\"elementor-button-content-wrapper\">\n\t\t\t\t\t\t\t\t\t<span class=\"elementor-button-text\">RGPD<\/span>\n\t\t\t\t\t<\/span>\n\t\t\t\t\t<\/a>\n\t\t\t\t\t\t\t\t<\/div>\n\t\t\t\t<div class=\"elementor-element elementor-element-36a5675 elementor-align-center elementor-widget elementor-widget-button\" data-id=\"36a5675\" data-element_type=\"widget\" data-widget_type=\"button.default\">\n\t\t\t\t\t\t\t\t\t\t<a class=\"elementor-button elementor-button-link elementor-size-sm\" href=\"https:\/\/www.tierslieulacroisee.fr\/index.php\/cgu\/\">\n\t\t\t\t\t\t<span class=\"elementor-button-content-wrapper\">\n\t\t\t\t\t\t\t\t\t<span class=\"elementor-button-text\">CGU<\/span>\n\t\t\t\t\t<\/span>\n\t\t\t\t\t<\/a>\n\t\t\t\t\t\t\t\t<\/div>\n\t\t\t\t<\/div>\n\t\t<div class=\"elementor-element elementor-element-97a1989 e-con-full e-flex wpr-particle-no wpr-jarallax-no wpr-parallax-no wpr-sticky-section-no e-con e-child\" data-id=\"97a1989\" data-element_type=\"container\">\n\t\t<div class=\"elementor-element elementor-element-bac5a03 e-con-full e-flex wpr-particle-no wpr-jarallax-no wpr-parallax-no wpr-sticky-section-no e-con e-child\" data-id=\"bac5a03\" data-element_type=\"container\">\n\t\t\t\t<div class=\"elementor-element elementor-element-a63c691 elementor-widget elementor-widget-image\" data-id=\"a63c691\" data-element_type=\"widget\" data-widget_type=\"image.default\">\n\t\t\t\t\t\t\t\t\t\t\t\t\t\t\t\t<a href=\"https:\/\/www.instagram.com\/tierslieulacroisee\/\">\n\t\t\t\t\t\t\t<img decoding=\"async\" width=\"851\" height=\"851\" src=\"https:\/\/www.tierslieulacroisee.fr\/wp-content\/uploads\/2025\/08\/Fichier-2.png\" class=\"attachment-large size-large wp-image-186\" alt=\"\" srcset=\"https:\/\/www.tierslieulacroisee.fr\/wp-content\/uploads\/2025\/08\/Fichier-2.png 851w, https:\/\/www.tierslieulacroisee.fr\/wp-content\/uploads\/2025\/08\/Fichier-2-300x300.png 300w, https:\/\/www.tierslieulacroisee.fr\/wp-content\/uploads\/2025\/08\/Fichier-2-150x150.png 150w, https:\/\/www.tierslieulacroisee.fr\/wp-content\/uploads\/2025\/08\/Fichier-2-768x768.png 768w, https:\/\/www.tierslieulacroisee.fr\/wp-content\/uploads\/2025\/08\/elementor\/thumbs\/Fichier-2-rayu8gldc3vnkcxsfrdgew8noyfda7o14ocalc16wq.png 25w, https:\/\/www.tierslieulacroisee.fr\/wp-content\/uploads\/2025\/08\/elementor\/thumbs\/Fichier-2-rayu8gldy19vdd0nn7t1gxnu7mj6m39w2kmvo19sxa.png 75w, https:\/\/www.tierslieulacroisee.fr\/wp-content\/uploads\/2025\/08\/elementor\/thumbs\/Fichier-2-rayu8gldn2krguz81hl8xwy8yah9y5gylmhl4onhx0.png 50w, https:\/\/www.tierslieulacroisee.fr\/wp-content\/uploads\/2025\/08\/elementor\/thumbs\/Fichier-2-rayu8gldf6e7dmb5g318k7yjkdbkzmw4qp9gf8d740.png 32w, https:\/\/www.tierslieulacroisee.fr\/wp-content\/uploads\/2025\/08\/elementor\/thumbs\/Fichier-2-rayu8gldlbfb051vgqcsuvebb740ehcbyr3s3117ik.png 46w, https:\/\/www.tierslieulacroisee.fr\/wp-content\/uploads\/2025\/08\/elementor\/thumbs\/Fichier-2-rayu8gldt7lv3dpy24wt8ke0p49pczx5tobwshbibk.png 64w, https:\/\/www.tierslieulacroisee.fr\/wp-content\/uploads\/2025\/08\/elementor\/thumbs\/Fichier-2-rayu8gldrggemnslhdod5iu320wftbsj6sy3qtp7x4.png 60w\" sizes=\"(max-width: 851px) 100vw, 851px\" \/>\t\t\t\t\t\t\t\t<\/a>\n\t\t\t\t\t\t\t\t\t\t\t\t\t\t\t<\/div>\n\t\t\t\t<\/div>\n\t\t<div class=\"elementor-element elementor-element-835f9f3 e-con-full e-flex wpr-particle-no wpr-jarallax-no wpr-parallax-no wpr-sticky-section-no e-con e-child\" data-id=\"835f9f3\" data-element_type=\"container\">\n\t\t\t\t<div class=\"elementor-element elementor-element-27c8a60 elementor-view-default elementor-widget elementor-widget-icon\" data-id=\"27c8a60\" data-element_type=\"widget\" data-widget_type=\"icon.default\">\n\t\t\t\t\t\t\t<div class=\"elementor-icon-wrapper\">\n\t\t\t<a class=\"elementor-icon\" href=\"https:\/\/www.facebook.com\/profile.php?id=100094204937836#\">\n\t\t\t<svg aria-hidden=\"true\" class=\"e-font-icon-svg e-fab-facebook\" viewBox=\"0 0 512 512\" xmlns=\"http:\/\/www.w3.org\/2000\/svg\"><path d=\"M504 256C504 119 393 8 256 8S8 119 8 256c0 123.78 90.69 226.38 209.25 245V327.69h-63V256h63v-54.64c0-62.15 37-96.48 93.67-96.48 27.14 0 55.52 4.84 55.52 4.84v61h-31.28c-30.8 0-40.41 19.12-40.41 38.73V256h68.78l-11 71.69h-57.78V501C413.31 482.38 504 379.78 504 256z\"><\/path><\/svg>\t\t\t<\/a>\n\t\t<\/div>\n\t\t\t\t\t\t<\/div>\n\t\t\t\t<\/div>\n\t\t\t\t<\/div>\n\t\t\t\t<\/div>\n\t\t\t\t<\/div>\n\t\t","protected":false},"excerpt":{"rendered":"<p>Pr\u00e9sentation de La Crois\u00e9e La Crois\u00e9e est un lieu, mais surtout un Tiers-Lieu. Il n\u2019est pas fait juste pour se croiser, mais pour y croiser ses valeurs, ses envies, ses id\u00e9es, ses savoirs, dans un esprit de Collectif. En th\u00e9orie, un Tiers-Lieu est \u201cun lieu o\u00f9 les personnes se plaisent \u00e0 sortir et se regrouper de mani\u00e8re informelle, situ\u00e9 hors du domicile (first-place) et du lieu de travail (second-place).\u201d (Ray Oldenburg) L\u2019espace partag\u00e9 qu\u2019il offre permet rencontres et partage, encourageant ainsi les collaborations, les initiatives citoyennes, et les projets collectifs. En pratique, c\u2019est un lieu \u201cdu faire ensemble\u201d, mais surtout du \u201c\u00eatre ensemble\u201d. Un entrepreneur, un artiste, ou un artisan peut y cr\u00e9er ou d\u00e9velopper son activit\u00e9. Une association ou un club sportif peut y louer un espace pour pratiquer son activit\u00e9. Et surtout, des usagers peuvent venir b\u00e9n\u00e9ficier des activit\u00e9s propos\u00e9es tant par le Tiers-Lieu que ses intervenants. Le Tiers-Lieu La Crois\u00e9e est r\u00e9gi par une association form\u00e9e de repr\u00e9sentants du Collectif, propri\u00e9taires, intervenants, locataires, b\u00e9n\u00e9voles. RGPD CGU<\/p>\n","protected":false},"author":2,"featured_media":0,"parent":1195,"menu_order":0,"comment_status":"closed","ping_status":"closed","template":"elementor_header_footer","meta":{"footnotes":""},"class_list":["post-36","page","type-page","status-publish","hentry"],"_links":{"self":[{"href":"https:\/\/www.tierslieulacroisee.fr\/index.php\/wp-json\/wp\/v2\/pages\/36","targetHints":{"allow":["GET"]}}],"collection":[{"href":"https:\/\/www.tierslieulacroisee.fr\/index.php\/wp-json\/wp\/v2\/pages"}],"about":[{"href":"https:\/\/www.tierslieulacroisee.fr\/index.php\/wp-json\/wp\/v2\/types\/page"}],"author":[{"embeddable":true,"href":"https:\/\/www.tierslieulacroisee.fr\/index.php\/wp-json\/wp\/v2\/users\/2"}],"replies":[{"embeddable":true,"href":"https:\/\/www.tierslieulacroisee.fr\/index.php\/wp-json\/wp\/v2\/comments?post=36"}],"version-history":[{"count":23,"href":"https:\/\/www.tierslieulacroisee.fr\/index.php\/wp-json\/wp\/v2\/pages\/36\/revisions"}],"predecessor-version":[{"id":1229,"href":"https:\/\/www.tierslieulacroisee.fr\/index.php\/wp-json\/wp\/v2\/pages\/36\/revisions\/1229"}],"up":[{"embeddable":true,"href":"https:\/\/www.tierslieulacroisee.fr\/index.php\/wp-json\/wp\/v2\/pages\/1195"}],"wp:attachment":[{"href":"https:\/\/www.tierslieulacroisee.fr\/index.php\/wp-json\/wp\/v2\/media?parent=36"}],"curies":[{"name":"wp","href":"https:\/\/api.w.org\/{rel}","templated":true}]}}