{"id":442,"date":"2025-09-03T17:24:57","date_gmt":"2025-09-03T17:24:57","guid":{"rendered":"https:\/\/www.tierslieulacroisee.fr\/?page_id=442"},"modified":"2025-10-29T10:54:31","modified_gmt":"2025-10-29T10:54:31","slug":"cgu","status":"publish","type":"page","link":"https:\/\/www.tierslieulacroisee.fr\/index.php\/cgu\/","title":{"rendered":"CGU"},"content":{"rendered":"\t\t<div data-elementor-type=\"wp-page\" data-elementor-id=\"442\" class=\"elementor elementor-442\">\n\t\t\t\t<div class=\"elementor-element elementor-element-cd81196 e-flex e-con-boxed wpr-particle-no wpr-jarallax-no wpr-parallax-no wpr-sticky-section-no e-con e-parent\" data-id=\"cd81196\" data-element_type=\"container\">\n\t\t\t\t\t<div class=\"e-con-inner\">\n\t\t\t\t<div class=\"elementor-element elementor-element-49c697f elementor-widget elementor-widget-heading\" data-id=\"49c697f\" data-element_type=\"widget\" data-widget_type=\"heading.default\">\n\t\t\t\t\t<h2 class=\"elementor-heading-title elementor-size-default\">Condition G\u00e9n\u00e9rale d'Utilisation<\/h2>\t\t\t\t<\/div>\n\t\t\t\t<div class=\"elementor-element elementor-element-7069e54 elementor-widget elementor-widget-spacer\" data-id=\"7069e54\" data-element_type=\"widget\" data-widget_type=\"spacer.default\">\n\t\t\t\t\t\t\t<div class=\"elementor-spacer\">\n\t\t\t<div class=\"elementor-spacer-inner\"><\/div>\n\t\t<\/div>\n\t\t\t\t\t\t<\/div>\n\t\t<div class=\"elementor-element elementor-element-1b9db74 e-con-full e-flex wpr-particle-no wpr-jarallax-no wpr-parallax-no wpr-sticky-section-no e-con e-child\" data-id=\"1b9db74\" data-element_type=\"container\">\n\t\t\t\t<div class=\"elementor-element elementor-element-1c86c39 elementor-widget elementor-widget-text-editor\" data-id=\"1c86c39\" data-element_type=\"widget\" data-widget_type=\"text-editor.default\">\n\t\t\t\t\t\t\t\t\t<h1><span style=\"font-weight: 400;\">Politique de Confidentialit\u00e9<\/span><\/h1><pre class=\"aLF-aPX-K0-aPE\">\u00a0<\/pre><h2><b> Informations g\u00e9n\u00e9rales<\/b><\/h2><ul><li style=\"list-style-type: none;\"><ul><li><span style=\"font-weight: 400;\">Nom de l\u2019entreprise : Tiers lieu La Crois\u00e9e<\/span><\/li><li><span style=\"font-weight: 400;\">Forme juridique : Association Loi 1901<\/span><\/li><li><span style=\"font-weight: 400;\">Adresse : 163 rue Kl\u00e9ber<\/span><\/li><li><span style=\"font-weight: 400;\">Email de contact : lacroisee@mailo.com<\/span><\/li><li><span style=\"font-weight: 400;\">Responsable du traitement des donn\u00e9es : J\u00e9r\u00f4me Buard<\/span><\/li><\/ul><\/li><\/ul><pre class=\"aLF-aPX-K0-aPE\">\u00a0<\/pre><h2><b> Finalit\u00e9s du traitement des donn\u00e9es<\/b><\/h2><p>Ce site ne collecte aucunes donn\u00e9es automatiquement.<\/p><p><span style=\"font-weight: 400;\">Cependant vous \u00eates libre de nous connecter par mail. Votre adresse mail servira uniquement \u00e0 reprendre contact avec l&#8217;utilisateur et r\u00e9pondre aux questions pos\u00e9es.<\/span><\/p><h2><b style=\"background-color: transparent; letter-spacing: 0px;\">Base l\u00e9gale du traitement<\/b><\/h2><p><span style=\"font-weight: 400;\">Notre collecte de donn\u00e9es repose sur la base l\u00e9gale suivante : Consentement.<\/span><\/p><h2><b>Partage des informations avec des tiers<\/b><\/h2><p><span style=\"font-weight: 400;\">Les donn\u00e9es collect\u00e9es ne sont en aucune fa\u00e7on partag\u00e9es volontairement \u00e0 un tiers.<\/span><\/p><p><span style=\"font-weight: 400;\">Les articles de ce site peuvent inclure des contenus int\u00e9gr\u00e9s (par exemple des vid\u00e9os, images, articles\u2026). Le contenu int\u00e9gr\u00e9 depuis d\u2019autres sites se comporte de la m\u00eame mani\u00e8re que si le visiteur se rendait sur cet autre site.<\/span><\/p><p><span style=\"font-weight: 400;\">Ces sites web pourraient collecter des donn\u00e9es sur vous, utiliser des cookies, embarquer des outils de suivis tiers, suivre vos interactions avec ces contenus embarqu\u00e9s si vous disposez d\u2019un compte connect\u00e9 sur leur site web.<\/span><\/p><h2><b> Dur\u00e9e de conservation des donn\u00e9es<\/b><\/h2><p><span style=\"font-weight: 400;\">Les donn\u00e9es sont conserv\u00e9es ind\u00e9finiment.\u00a0<\/span><\/p><p><span style=\"font-weight: 400;\">Vous pouvez demander \u00e0 recevoir un fichier contenant toutes les donn\u00e9es personnelles que nous poss\u00e9dons \u00e0 votre sujet, incluant celles que vous nous avez fournies.\u00a0<\/span><\/p><p><span style=\"font-weight: 400;\">Vous pouvez \u00e9galement demander la suppression ou la modification des donn\u00e9es personnelles vous concernant. Cela ne prend pas en compte les donn\u00e9es stock\u00e9es \u00e0 des fins administratives, l\u00e9gales ou pour des raisons de s\u00e9curit\u00e9.<\/span><\/p><h1><b>RGPD<\/b><\/h1><h2><b>Droits des utilisateurs<\/b><\/h2><p><span style=\"font-weight: 400;\">Conform\u00e9ment au RGPD, les utilisateurs disposent des droits suivants :<\/span><\/p><ul><li style=\"list-style-type: none;\"><ul><li><span style=\"font-weight: 400;\">Droit d\u2019acc\u00e8s, de rectification, de suppression<\/span><\/li><li><span style=\"font-weight: 400;\">Droit \u00e0 la portabilit\u00e9 des donn\u00e9es<\/span><\/li><li><span style=\"font-weight: 400;\">Droit \u00e0 l\u2019opposition et \u00e0 la limitation du traitement<\/span><\/li><li><span style=\"font-weight: 400;\">Droit de retirer le consentement \u00e0 tout moment<\/span><\/li><li><span style=\"font-weight: 400;\">Droit d\u2019introduire une r\u00e9clamation aupr\u00e8s de la CNIL<\/span><\/li><\/ul><\/li><\/ul><h2><b> Contact<\/b><\/h2><p><span style=\"font-weight: 400;\">Pour toute question concernant la protection des donn\u00e9es, vous pouvez nous contacter \u00e0 <\/span><b>lacroisee@mailo.com<\/b><span style=\"font-weight: 400;\">.<\/span><\/p><pre class=\"aLF-aPX-K0-aPE\">\u00a0<\/pre>\t\t\t\t\t\t\t\t<\/div>\n\t\t\t\t<\/div>\n\t\t\t\t\t<\/div>\n\t\t\t\t<\/div>\n\t\t\t\t<\/div>\n\t\t","protected":false},"excerpt":{"rendered":"<p>Condition G\u00e9n\u00e9rale d&#8217;Utilisation Politique de Confidentialit\u00e9 \u00a0 Informations g\u00e9n\u00e9rales Nom de l\u2019entreprise : Tiers lieu La Crois\u00e9e Forme juridique : Association Loi 1901 Adresse : 163 rue Kl\u00e9ber Email de contact : lacroisee@mailo.com Responsable du traitement des donn\u00e9es : J\u00e9r\u00f4me Buard \u00a0 Finalit\u00e9s du traitement des donn\u00e9es Ce site ne collecte aucunes donn\u00e9es automatiquement. Cependant vous \u00eates libre de nous connecter par mail. Votre adresse mail servira uniquement \u00e0 reprendre contact avec l&#8217;utilisateur et r\u00e9pondre aux questions pos\u00e9es. Base l\u00e9gale du traitement Notre collecte de donn\u00e9es repose sur la base l\u00e9gale suivante : Consentement. Partage des informations avec des tiers Les donn\u00e9es collect\u00e9es ne sont en aucune fa\u00e7on partag\u00e9es volontairement \u00e0 un tiers. Les articles de ce site peuvent inclure des contenus int\u00e9gr\u00e9s (par exemple des vid\u00e9os, images, articles\u2026). Le contenu int\u00e9gr\u00e9 depuis d\u2019autres sites se comporte de la m\u00eame mani\u00e8re que si le visiteur se rendait sur cet autre site. Ces sites web pourraient collecter des donn\u00e9es sur vous, utiliser des cookies, embarquer des outils de suivis tiers, suivre vos interactions avec ces contenus embarqu\u00e9s si vous disposez d\u2019un compte connect\u00e9 sur leur site web. Dur\u00e9e de conservation des donn\u00e9es Les donn\u00e9es sont conserv\u00e9es ind\u00e9finiment.\u00a0 Vous pouvez demander \u00e0 recevoir un fichier contenant toutes les donn\u00e9es personnelles que nous poss\u00e9dons \u00e0 votre sujet, incluant celles que vous nous avez fournies.\u00a0 Vous pouvez \u00e9galement demander la suppression ou la modification des donn\u00e9es personnelles vous concernant. Cela ne prend pas en compte les donn\u00e9es stock\u00e9es \u00e0 des fins administratives, l\u00e9gales ou pour des raisons de s\u00e9curit\u00e9. RGPD Droits des utilisateurs Conform\u00e9ment au RGPD, les utilisateurs disposent des droits suivants : Droit d\u2019acc\u00e8s, de rectification, de suppression Droit \u00e0 la portabilit\u00e9 des donn\u00e9es Droit \u00e0 l\u2019opposition et \u00e0 la limitation du traitement Droit de retirer le consentement \u00e0 tout moment Droit d\u2019introduire une r\u00e9clamation aupr\u00e8s de la CNIL Contact Pour toute question concernant la protection des donn\u00e9es, vous pouvez nous contacter \u00e0 lacroisee@mailo.com. \u00a0<\/p>\n","protected":false},"author":2,"featured_media":0,"parent":0,"menu_order":0,"comment_status":"closed","ping_status":"closed","template":"elementor_header_footer","meta":{"footnotes":""},"class_list":["post-442","page","type-page","status-publish","hentry"],"_links":{"self":[{"href":"https:\/\/www.tierslieulacroisee.fr\/index.php\/wp-json\/wp\/v2\/pages\/442","targetHints":{"allow":["GET"]}}],"collection":[{"href":"https:\/\/www.tierslieulacroisee.fr\/index.php\/wp-json\/wp\/v2\/pages"}],"about":[{"href":"https:\/\/www.tierslieulacroisee.fr\/index.php\/wp-json\/wp\/v2\/types\/page"}],"author":[{"embeddable":true,"href":"https:\/\/www.tierslieulacroisee.fr\/index.php\/wp-json\/wp\/v2\/users\/2"}],"replies":[{"embeddable":true,"href":"https:\/\/www.tierslieulacroisee.fr\/index.php\/wp-json\/wp\/v2\/comments?post=442"}],"version-history":[{"count":14,"href":"https:\/\/www.tierslieulacroisee.fr\/index.php\/wp-json\/wp\/v2\/pages\/442\/revisions"}],"predecessor-version":[{"id":1299,"href":"https:\/\/www.tierslieulacroisee.fr\/index.php\/wp-json\/wp\/v2\/pages\/442\/revisions\/1299"}],"wp:attachment":[{"href":"https:\/\/www.tierslieulacroisee.fr\/index.php\/wp-json\/wp\/v2\/media?parent=442"}],"curies":[{"name":"wp","href":"https:\/\/api.w.org\/{rel}","templated":true}]}}