{"id":771,"date":"2025-10-06T19:56:48","date_gmt":"2025-10-06T19:56:48","guid":{"rendered":"https:\/\/www.tierslieulacroisee.fr\/?page_id=771"},"modified":"2026-03-12T20:51:31","modified_gmt":"2026-03-12T20:51:31","slug":"jdr-presentation","status":"publish","type":"page","link":"https:\/\/www.tierslieulacroisee.fr\/index.php\/nos-activites\/jdr-presentation\/","title":{"rendered":"Jeux de R\u00f4le"},"content":{"rendered":"\t\t<div data-elementor-type=\"wp-page\" data-elementor-id=\"771\" class=\"elementor elementor-771\">\n\t\t\t\t<div class=\"elementor-element elementor-element-9f6b4ca e-flex e-con-boxed wpr-particle-no wpr-jarallax-no wpr-parallax-no wpr-sticky-section-no e-con e-parent\" data-id=\"9f6b4ca\" data-element_type=\"container\">\n\t\t\t\t\t<div class=\"e-con-inner\">\n\t\t\t\t<div class=\"elementor-element elementor-element-7f6f90e elementor-widget elementor-widget-heading\" data-id=\"7f6f90e\" data-element_type=\"widget\" data-widget_type=\"heading.default\">\n\t\t\t\t\t<h2 class=\"elementor-heading-title elementor-size-default\">Jeux de R\u00f4le<\/h2>\t\t\t\t<\/div>\n\t\t\t\t<div class=\"elementor-element elementor-element-817cfb7 elementor-widget elementor-widget-spacer\" data-id=\"817cfb7\" data-element_type=\"widget\" data-widget_type=\"spacer.default\">\n\t\t\t\t\t\t\t<div class=\"elementor-spacer\">\n\t\t\t<div class=\"elementor-spacer-inner\"><\/div>\n\t\t<\/div>\n\t\t\t\t\t\t<\/div>\n\t\t\t\t<div class=\"elementor-element elementor-element-06ef91f elementor-widget elementor-widget-text-editor\" data-id=\"06ef91f\" data-element_type=\"widget\" data-widget_type=\"text-editor.default\">\n\t\t\t\t\t\t\t\t\t<h2>La crois\u00e9e vous pr\u00e9sente <strong>Oltr\u00e9\u00e9<\/strong><\/h2><p>Un jeu de r\u00f4le m\u00e9di\u00e9val fantastique dans un monde \u00e9mergent<\/p>\t\t\t\t\t\t\t\t<\/div>\n\t\t\t\t<div class=\"elementor-element elementor-element-b2d7381 elementor-widget elementor-widget-spacer\" data-id=\"b2d7381\" data-element_type=\"widget\" data-widget_type=\"spacer.default\">\n\t\t\t\t\t\t\t<div class=\"elementor-spacer\">\n\t\t\t<div class=\"elementor-spacer-inner\"><\/div>\n\t\t<\/div>\n\t\t\t\t\t\t<\/div>\n\t\t\t\t\t<\/div>\n\t\t\t\t<\/div>\n\t\t<div class=\"elementor-element elementor-element-615c0ee e-flex e-con-boxed wpr-particle-no wpr-jarallax-no wpr-parallax-no wpr-sticky-section-no e-con e-parent\" data-id=\"615c0ee\" data-element_type=\"container\">\n\t\t\t\t\t<div class=\"e-con-inner\">\n\t\t<div class=\"elementor-element elementor-element-c1c364b e-grid e-con-full wpr-particle-no wpr-jarallax-no wpr-parallax-no wpr-sticky-section-no e-con e-child\" data-id=\"c1c364b\" data-element_type=\"container\">\n\t\t\t\t<div class=\"elementor-element elementor-element-40a42dc elementor-widget elementor-widget-image\" data-id=\"40a42dc\" data-element_type=\"widget\" data-widget_type=\"image.default\">\n\t\t\t\t\t\t\t\t\t\t\t\t\t\t\t\t<a href=\"https:\/\/www.tierslieulacroisee.fr\/index.php\/intervenants-et-cours\/jdr-presentation\/presentation-activite-jeu-de-role\/\">\n\t\t\t\t\t\t\t<img fetchpriority=\"high\" decoding=\"async\" width=\"300\" height=\"300\" src=\"https:\/\/www.tierslieulacroisee.fr\/wp-content\/uploads\/2025\/10\/jdr-gallery-presentation-activite.png\" class=\"attachment-large size-large wp-image-817\" alt=\"\" srcset=\"https:\/\/www.tierslieulacroisee.fr\/wp-content\/uploads\/2025\/10\/jdr-gallery-presentation-activite.png 300w, https:\/\/www.tierslieulacroisee.fr\/wp-content\/uploads\/2025\/10\/jdr-gallery-presentation-activite-150x150.png 150w\" sizes=\"(max-width: 300px) 100vw, 300px\" \/>\t\t\t\t\t\t\t\t<\/a>\n\t\t\t\t\t\t\t\t\t\t\t\t\t\t\t<\/div>\n\t\t\t\t<div class=\"elementor-element elementor-element-216d4cf elementor-widget elementor-widget-image\" data-id=\"216d4cf\" data-element_type=\"widget\" data-widget_type=\"image.default\">\n\t\t\t\t\t\t\t\t\t\t\t\t\t\t\t\t<a href=\"https:\/\/www.tierslieulacroisee.fr\/index.php\/nos-activites\/jdr-presentation\/presentation-de-lunivers\/\">\n\t\t\t\t\t\t\t<img decoding=\"async\" width=\"300\" height=\"300\" src=\"https:\/\/www.tierslieulacroisee.fr\/wp-content\/uploads\/2025\/10\/jdr-gallery-presentation-univers.png\" class=\"attachment-large size-large wp-image-818\" alt=\"\" srcset=\"https:\/\/www.tierslieulacroisee.fr\/wp-content\/uploads\/2025\/10\/jdr-gallery-presentation-univers.png 300w, https:\/\/www.tierslieulacroisee.fr\/wp-content\/uploads\/2025\/10\/jdr-gallery-presentation-univers-150x150.png 150w\" sizes=\"(max-width: 300px) 100vw, 300px\" \/>\t\t\t\t\t\t\t\t<\/a>\n\t\t\t\t\t\t\t\t\t\t\t\t\t\t\t<\/div>\n\t\t\t\t<div class=\"elementor-element elementor-element-dcd6e7b elementor-widget elementor-widget-image\" data-id=\"dcd6e7b\" data-element_type=\"widget\" data-widget_type=\"image.default\">\n\t\t\t\t\t\t\t\t\t\t\t\t\t\t\t<img decoding=\"async\" width=\"300\" height=\"300\" src=\"https:\/\/www.tierslieulacroisee.fr\/wp-content\/uploads\/2025\/10\/jdr-gallery-Introduction.png\" class=\"attachment-large size-large wp-image-819\" alt=\"\" srcset=\"https:\/\/www.tierslieulacroisee.fr\/wp-content\/uploads\/2025\/10\/jdr-gallery-Introduction.png 300w, https:\/\/www.tierslieulacroisee.fr\/wp-content\/uploads\/2025\/10\/jdr-gallery-Introduction-150x150.png 150w\" sizes=\"(max-width: 300px) 100vw, 300px\" \/>\t\t\t\t\t\t\t\t\t\t\t\t\t\t\t<\/div>\n\t\t\t\t<\/div>\n\t\t\t\t\t<\/div>\n\t\t\t\t<\/div>\n\t\t<div class=\"elementor-element elementor-element-82a64bd e-flex e-con-boxed wpr-particle-no wpr-jarallax-no wpr-parallax-no wpr-sticky-section-no e-con e-parent\" data-id=\"82a64bd\" data-element_type=\"container\">\n\t\t\t\t\t<div class=\"e-con-inner\">\n\t\t\t\t<div class=\"elementor-element elementor-element-807cbea elementor-widget elementor-widget-spacer\" data-id=\"807cbea\" data-element_type=\"widget\" data-widget_type=\"spacer.default\">\n\t\t\t\t\t\t\t<div class=\"elementor-spacer\">\n\t\t\t<div class=\"elementor-spacer-inner\"><\/div>\n\t\t<\/div>\n\t\t\t\t\t\t<\/div>\n\t\t\t\t<div class=\"elementor-element elementor-element-2923c00 elementor-widget elementor-widget-heading\" data-id=\"2923c00\" data-element_type=\"widget\" data-widget_type=\"heading.default\">\n\t\t\t\t\t<h2 class=\"elementor-heading-title elementor-size-default\">Prochaines S\u00e9ances<\/h2>\t\t\t\t<\/div>\n\t\t\t\t<div class=\"elementor-element elementor-element-b17ea1a elementor-widget elementor-widget-spacer\" data-id=\"b17ea1a\" data-element_type=\"widget\" data-widget_type=\"spacer.default\">\n\t\t\t\t\t\t\t<div class=\"elementor-spacer\">\n\t\t\t<div class=\"elementor-spacer-inner\"><\/div>\n\t\t<\/div>\n\t\t\t\t\t\t<\/div>\n\t\t\t\t<div class=\"elementor-element elementor-element-3e732f4 wpr-grid-columns--mobile2 wpr-grid-columns-3 wpr-grid-columns--tablet2 wpr-grid-pagination-center wpr-item-styles-inner elementor-widget elementor-widget-wpr-grid\" data-id=\"3e732f4\" data-element_type=\"widget\" data-widget_type=\"wpr-grid.default\">\n\t\t\t\t\t<h2>No Posts Found!<\/h2>\t\t\t\t<\/div>\n\t\t\t\t\t<\/div>\n\t\t\t\t<\/div>\n\t\t\t\t<\/div>\n\t\t","protected":false},"excerpt":{"rendered":"<p>Jeux de R\u00f4le La crois\u00e9e vous pr\u00e9sente Oltr\u00e9\u00e9 Un jeu de r\u00f4le m\u00e9di\u00e9val fantastique dans un monde \u00e9mergent Prochaines S\u00e9ances No Posts Found!<\/p>\n","protected":false},"author":6,"featured_media":0,"parent":25,"menu_order":0,"comment_status":"closed","ping_status":"closed","template":"elementor_header_footer","meta":{"footnotes":""},"class_list":["post-771","page","type-page","status-publish","hentry"],"_links":{"self":[{"href":"https:\/\/www.tierslieulacroisee.fr\/index.php\/wp-json\/wp\/v2\/pages\/771","targetHints":{"allow":["GET"]}}],"collection":[{"href":"https:\/\/www.tierslieulacroisee.fr\/index.php\/wp-json\/wp\/v2\/pages"}],"about":[{"href":"https:\/\/www.tierslieulacroisee.fr\/index.php\/wp-json\/wp\/v2\/types\/page"}],"author":[{"embeddable":true,"href":"https:\/\/www.tierslieulacroisee.fr\/index.php\/wp-json\/wp\/v2\/users\/6"}],"replies":[{"embeddable":true,"href":"https:\/\/www.tierslieulacroisee.fr\/index.php\/wp-json\/wp\/v2\/comments?post=771"}],"version-history":[{"count":40,"href":"https:\/\/www.tierslieulacroisee.fr\/index.php\/wp-json\/wp\/v2\/pages\/771\/revisions"}],"predecessor-version":[{"id":2494,"href":"https:\/\/www.tierslieulacroisee.fr\/index.php\/wp-json\/wp\/v2\/pages\/771\/revisions\/2494"}],"up":[{"embeddable":true,"href":"https:\/\/www.tierslieulacroisee.fr\/index.php\/wp-json\/wp\/v2\/pages\/25"}],"wp:attachment":[{"href":"https:\/\/www.tierslieulacroisee.fr\/index.php\/wp-json\/wp\/v2\/media?parent=771"}],"curies":[{"name":"wp","href":"https:\/\/api.w.org\/{rel}","templated":true}]}}