{"id":823,"date":"2025-10-08T20:44:08","date_gmt":"2025-10-08T20:44:08","guid":{"rendered":"https:\/\/www.tierslieulacroisee.fr\/?page_id=823"},"modified":"2026-03-12T21:50:53","modified_gmt":"2026-03-12T21:50:53","slug":"presentation-activite-jeu-de-role","status":"publish","type":"page","link":"https:\/\/www.tierslieulacroisee.fr\/index.php\/nos-activites\/jdr-presentation\/presentation-activite-jeu-de-role\/","title":{"rendered":"Pr\u00e9sentation activit\u00e9 jeu de r\u00f4le"},"content":{"rendered":"\t\t<div data-elementor-type=\"wp-page\" data-elementor-id=\"823\" class=\"elementor elementor-823\">\n\t\t\t\t<div class=\"elementor-element elementor-element-8bdaef9 e-flex e-con-boxed wpr-particle-no wpr-jarallax-no wpr-parallax-no wpr-sticky-section-no e-con e-parent\" data-id=\"8bdaef9\" data-element_type=\"container\">\n\t\t\t\t\t<div class=\"e-con-inner\">\n\t\t\t\t<div class=\"elementor-element elementor-element-3d4f9c5 elementor-align-justify elementor-widget__width-initial elementor-fixed e-transform elementor-widget elementor-widget-button\" data-id=\"3d4f9c5\" data-element_type=\"widget\" data-settings=\"{&quot;_position&quot;:&quot;fixed&quot;,&quot;_transform_translateX_effect_hover&quot;:{&quot;unit&quot;:&quot;px&quot;,&quot;size&quot;:50,&quot;sizes&quot;:[]},&quot;_transform_translateX_effect_hover_tablet&quot;:{&quot;unit&quot;:&quot;px&quot;,&quot;size&quot;:&quot;&quot;,&quot;sizes&quot;:[]},&quot;_transform_translateX_effect_hover_mobile&quot;:{&quot;unit&quot;:&quot;px&quot;,&quot;size&quot;:&quot;&quot;,&quot;sizes&quot;:[]},&quot;_transform_translateY_effect_hover&quot;:{&quot;unit&quot;:&quot;px&quot;,&quot;size&quot;:&quot;&quot;,&quot;sizes&quot;:[]},&quot;_transform_translateY_effect_hover_tablet&quot;:{&quot;unit&quot;:&quot;px&quot;,&quot;size&quot;:&quot;&quot;,&quot;sizes&quot;:[]},&quot;_transform_translateY_effect_hover_mobile&quot;:{&quot;unit&quot;:&quot;px&quot;,&quot;size&quot;:&quot;&quot;,&quot;sizes&quot;:[]}}\" data-widget_type=\"button.default\">\n\t\t\t\t\t\t\t\t\t\t<a class=\"elementor-button elementor-button-link elementor-size-sm\" href=\"https:\/\/www.tierslieulacroisee.fr\/index.php\/nos-activites\/jdr-presentation\/\">\n\t\t\t\t\t\t<span class=\"elementor-button-content-wrapper\">\n\t\t\t\t\t\t\t\t\t<span class=\"elementor-button-text\">Retour Menu Jeu de R\u00f4le<\/span>\n\t\t\t\t\t<\/span>\n\t\t\t\t\t<\/a>\n\t\t\t\t\t\t\t\t<\/div>\n\t\t\t\t\t<\/div>\n\t\t\t\t<\/div>\n\t\t<div class=\"elementor-element elementor-element-50eebff e-flex e-con-boxed wpr-particle-no wpr-jarallax-no wpr-parallax-no wpr-sticky-section-no e-con e-parent\" data-id=\"50eebff\" data-element_type=\"container\">\n\t\t\t\t\t<div class=\"e-con-inner\">\n\t\t\t\t<div class=\"elementor-element elementor-element-4438339 elementor-widget elementor-widget-heading\" data-id=\"4438339\" data-element_type=\"widget\" data-widget_type=\"heading.default\">\n\t\t\t\t\t<h2 class=\"elementor-heading-title elementor-size-default\">Jeux de R\u00f4le <\/h2>\t\t\t\t<\/div>\n\t\t\t\t<div class=\"elementor-element elementor-element-a6c4ce5 elementor-widget elementor-widget-spacer\" data-id=\"a6c4ce5\" data-element_type=\"widget\" data-widget_type=\"spacer.default\">\n\t\t\t\t\t\t\t<div class=\"elementor-spacer\">\n\t\t\t<div class=\"elementor-spacer-inner\"><\/div>\n\t\t<\/div>\n\t\t\t\t\t\t<\/div>\n\t\t\t\t<div class=\"elementor-element elementor-element-7550efd elementor-widget elementor-widget-heading\" data-id=\"7550efd\" data-element_type=\"widget\" data-widget_type=\"heading.default\">\n\t\t\t\t\t<h2 class=\"elementor-heading-title elementor-size-default\">Pr\u00e9sentation de l'activit\u00e9<\/h2>\t\t\t\t<\/div>\n\t\t\t\t<div class=\"elementor-element elementor-element-f482e04 elementor-widget-divider--view-line elementor-widget elementor-widget-divider\" data-id=\"f482e04\" data-element_type=\"widget\" data-widget_type=\"divider.default\">\n\t\t\t\t\t\t\t<div class=\"elementor-divider\">\n\t\t\t<span class=\"elementor-divider-separator\">\n\t\t\t\t\t\t<\/span>\n\t\t<\/div>\n\t\t\t\t\t\t<\/div>\n\t\t\t\t<div class=\"elementor-element elementor-element-27cf85a elementor-widget elementor-widget-spacer\" data-id=\"27cf85a\" data-element_type=\"widget\" data-widget_type=\"spacer.default\">\n\t\t\t\t\t\t\t<div class=\"elementor-spacer\">\n\t\t\t<div class=\"elementor-spacer-inner\"><\/div>\n\t\t<\/div>\n\t\t\t\t\t\t<\/div>\n\t\t\t\t<div class=\"elementor-element elementor-element-0749be7 elementor-widget elementor-widget-heading\" data-id=\"0749be7\" data-element_type=\"widget\" data-widget_type=\"heading.default\">\n\t\t\t\t\t<h2 class=\"elementor-heading-title elementor-size-default\">De quoi s\u2019agit-il ?<\/h2>\t\t\t\t<\/div>\n\t\t\t\t<div class=\"elementor-element elementor-element-6e6a567 elementor-widget elementor-widget-spacer\" data-id=\"6e6a567\" data-element_type=\"widget\" data-widget_type=\"spacer.default\">\n\t\t\t\t\t\t\t<div class=\"elementor-spacer\">\n\t\t\t<div class=\"elementor-spacer-inner\"><\/div>\n\t\t<\/div>\n\t\t\t\t\t\t<\/div>\n\t\t\t\t<div class=\"elementor-element elementor-element-439d23a elementor-widget elementor-widget-text-editor\" data-id=\"439d23a\" data-element_type=\"widget\" data-widget_type=\"text-editor.default\">\n\t\t\t\t\t\t\t\t\t<ul>\n<li><span class=\"a_GcMg font-feature-liga-off font-feature-clig-off font-feature-calt-off text-decoration-none text-strikethrough-none\"><em><strong>Un jeu de r\u00f4le<\/strong><\/em> : c&#8217;est un jeu ou chaque joueur incarne un personnage, il joue un r\u00f4le. Nous jouerons \u00e0 une forme classique du jeu de r\u00f4le : il y aura un ma\u00eetre du jeu (MJ) qui se chargera des descriptions et de l&#8217;adversit\u00e9.<\/span><\/li>\n<li><span class=\"a_GcMg font-feature-liga-off font-feature-clig-off font-feature-calt-off text-decoration-none text-strikethrough-none\"><em><strong>M\u00e9di\u00e9val<\/strong> <\/em>: Le cadre de jeu prend place dans un monde m\u00e9di\u00e9val. Le niveau technologique correspond \u00e0 celui de l&#8217;\u00e9poque de Charlemagne.<\/span><\/li>\n<li><span class=\"a_GcMg font-feature-liga-off font-feature-clig-off font-feature-calt-off text-decoration-none text-strikethrough-none\"><em><strong>Fantastique<\/strong> <\/em>: il y a de la magie, des monstres, des cr\u00e9atures fantastiques et bien d&#8217;autres myst\u00e8res.<\/span><\/li>\n<li><span class=\"a_GcMg font-feature-liga-off font-feature-clig-off font-feature-calt-off text-decoration-none text-strikethrough-none\"><em><strong>Emergent<\/strong><\/em> : Parce que rien n&#8217;est fig\u00e9. Le cadre de jeu \u00e9voluera en fonction des actions des joueurs.<\/span><\/li>\n<\/ul>\t\t\t\t\t\t\t\t<\/div>\n\t\t\t\t<div class=\"elementor-element elementor-element-48ff9ae elementor-widget elementor-widget-spacer\" data-id=\"48ff9ae\" data-element_type=\"widget\" data-widget_type=\"spacer.default\">\n\t\t\t\t\t\t\t<div class=\"elementor-spacer\">\n\t\t\t<div class=\"elementor-spacer-inner\"><\/div>\n\t\t<\/div>\n\t\t\t\t\t\t<\/div>\n\t\t\t\t<div class=\"elementor-element elementor-element-c7f25c6 elementor-widget elementor-widget-heading\" data-id=\"c7f25c6\" data-element_type=\"widget\" data-widget_type=\"heading.default\">\n\t\t\t\t\t<h2 class=\"elementor-heading-title elementor-size-default\">Qui peut venir ?<\/h2>\t\t\t\t<\/div>\n\t\t\t\t<div class=\"elementor-element elementor-element-ef42f0f elementor-widget elementor-widget-spacer\" data-id=\"ef42f0f\" data-element_type=\"widget\" data-widget_type=\"spacer.default\">\n\t\t\t\t\t\t\t<div class=\"elementor-spacer\">\n\t\t\t<div class=\"elementor-spacer-inner\"><\/div>\n\t\t<\/div>\n\t\t\t\t\t\t<\/div>\n\t\t\t\t<div class=\"elementor-element elementor-element-c6edc22 elementor-widget elementor-widget-text-editor\" data-id=\"c6edc22\" data-element_type=\"widget\" data-widget_type=\"text-editor.default\">\n\t\t\t\t\t\t\t\t\t<ul>\n<li><span class=\"a_GcMg font-feature-liga-off font-feature-clig-off font-feature-calt-off text-decoration-none text-strikethrough-none\">Tous les profils de joueurs sont les bienvenus : d\u00e9butant ou confirm\u00e9, occasionnel ou assidu. Et m\u00eame des spectateurs, des illustrateurs, des r\u00e9dacteurs.<\/span><\/li>\n<li><span class=\"a_GcMg font-feature-liga-off font-feature-clig-off font-feature-calt-off text-decoration-none text-strikethrough-none\">Vous le comprenez, il ne s&#8217;agit pas de s&#8217;inscrire \u00e0 une activit\u00e9 r\u00e9guli\u00e8re et contraignante, mais de participer \u00e0 une aventure commune (apr\u00e8s tout, nous sommes dans un tiers lieu).<\/span><\/li>\n<\/ul>\t\t\t\t\t\t\t\t<\/div>\n\t\t\t\t<div class=\"elementor-element elementor-element-215e414 elementor-widget elementor-widget-spacer\" data-id=\"215e414\" data-element_type=\"widget\" data-widget_type=\"spacer.default\">\n\t\t\t\t\t\t\t<div class=\"elementor-spacer\">\n\t\t\t<div class=\"elementor-spacer-inner\"><\/div>\n\t\t<\/div>\n\t\t\t\t\t\t<\/div>\n\t\t\t\t<div class=\"elementor-element elementor-element-4247b6b elementor-widget elementor-widget-heading\" data-id=\"4247b6b\" data-element_type=\"widget\" data-widget_type=\"heading.default\">\n\t\t\t\t\t<h2 class=\"elementor-heading-title elementor-size-default\">Comment cela se passe ?<\/h2>\t\t\t\t<\/div>\n\t\t\t\t<div class=\"elementor-element elementor-element-e7dabfd elementor-widget elementor-widget-spacer\" data-id=\"e7dabfd\" data-element_type=\"widget\" data-widget_type=\"spacer.default\">\n\t\t\t\t\t\t\t<div class=\"elementor-spacer\">\n\t\t\t<div class=\"elementor-spacer-inner\"><\/div>\n\t\t<\/div>\n\t\t\t\t\t\t<\/div>\n\t\t\t\t<div class=\"elementor-element elementor-element-f303068 elementor-widget elementor-widget-text-editor\" data-id=\"f303068\" data-element_type=\"widget\" data-widget_type=\"text-editor.default\">\n\t\t\t\t\t\t\t\t\t<ul>\n<li><span class=\"a_GcMg font-feature-liga-off font-feature-clig-off font-feature-calt-off text-decoration-none text-strikethrough-none\">Chaque s\u00e9ance fera l&#8217;objet d&#8217;un appel \u00e0 participation.<\/span><\/li>\n<li><span class=\"a_GcMg font-feature-liga-off font-feature-clig-off font-feature-calt-off text-decoration-none text-strikethrough-none\">Selon vos disponibilit\u00e9s (et une limite du nombre de joueurs), vous \u00eates libre de venir.<\/span><\/li>\n<li><span class=\"a_GcMg font-feature-liga-off font-feature-clig-off font-feature-calt-off text-decoration-none text-strikethrough-none\">Aucun engagement n&#8217;est demand\u00e9. Vous pouvez venir \u00e0 chaque s\u00e9ance ou une fois de temps en temps.<\/span><\/li>\n<li><span class=\"a_GcMg font-feature-liga-off font-feature-clig-off font-feature-calt-off text-decoration-none text-strikethrough-none\">Le tarif sera identique \u00e0 celle d&#8217;une Soir\u00e9e Jeu :<\/span><ul>\n<li><span class=\"a_GcMg font-feature-liga-off font-feature-clig-off font-feature-calt-off text-decoration-none text-strikethrough-none\">S\u00e9ance Unique : 5\u20ac<\/span><\/li>\n<li>Carnet de 5 s\u00e9ances : 20\u20ac<\/li>\n<li>Carnet de 10 s\u00e9ances : 30\u20ac<\/li>\n<\/ul>\n<\/li>\n<li><span class=\"a_GcMg font-feature-liga-off font-feature-clig-off font-feature-calt-off text-decoration-none text-strikethrough-none\">L\u2019adh\u00e9sion \u00e0 la Crois\u00e9e est demand\u00e9e<\/span><\/li>\n<\/ul>\t\t\t\t\t\t\t\t<\/div>\n\t\t\t\t<div class=\"elementor-element elementor-element-2e8d5f5 elementor-widget elementor-widget-spacer\" data-id=\"2e8d5f5\" data-element_type=\"widget\" data-widget_type=\"spacer.default\">\n\t\t\t\t\t\t\t<div class=\"elementor-spacer\">\n\t\t\t<div class=\"elementor-spacer-inner\"><\/div>\n\t\t<\/div>\n\t\t\t\t\t\t<\/div>\n\t\t\t\t<div class=\"elementor-element elementor-element-5122490 elementor-widget elementor-widget-heading\" data-id=\"5122490\" data-element_type=\"widget\" data-widget_type=\"heading.default\">\n\t\t\t\t\t<h2 class=\"elementor-heading-title elementor-size-default\">Mais \u00e0 quoi on joue, en fait ?<\/h2>\t\t\t\t<\/div>\n\t\t\t\t<div class=\"elementor-element elementor-element-291a0b9 elementor-widget elementor-widget-spacer\" data-id=\"291a0b9\" data-element_type=\"widget\" data-widget_type=\"spacer.default\">\n\t\t\t\t\t\t\t<div class=\"elementor-spacer\">\n\t\t\t<div class=\"elementor-spacer-inner\"><\/div>\n\t\t<\/div>\n\t\t\t\t\t\t<\/div>\n\t\t\t\t<div class=\"elementor-element elementor-element-8fdad66 elementor-widget elementor-widget-text-editor\" data-id=\"8fdad66\" data-element_type=\"widget\" data-widget_type=\"text-editor.default\">\n\t\t\t\t\t\t\t\t\t<ul>\n<li><span class=\"a_GcMg font-feature-liga-off font-feature-clig-off font-feature-calt-off text-decoration-none text-strikethrough-none\">Vous jouerez des Patrouilleurs, qui ont pr\u00eat\u00e9 serment de prot\u00e9ger la population.<\/span><\/li>\n<li><span class=\"a_GcMg font-feature-liga-off font-feature-clig-off font-feature-calt-off text-decoration-none text-strikethrough-none\">A chaque s\u00e9ance, avec l\u2019aide du MJ, les joueurs choisissent un objectif qu\u2019ils doivent r\u00e9soudre.<\/span><\/li>\n<li><span class=\"a_GcMg font-feature-liga-off font-feature-clig-off font-feature-calt-off text-decoration-none text-strikethrough-none\">Les objectifs sont vari\u00e9s : explorer la r\u00e9gion, chasser une cr\u00e9ature dangereuse, r\u00e9soudre un conflit local, enqu\u00eater sur une faction mal\u00e9fique, etc.<\/span><\/li>\n<li><span class=\"a_GcMg font-feature-liga-off font-feature-clig-off font-feature-calt-off text-decoration-none text-strikethrough-none\">Une s\u00e9ance aura un d\u00e9but et une conclusion. L&#8217;histoire de cette de s\u00e9ance fera partie de notre grande histoire de Oltr\u00e9\u00e9.<\/span><\/li>\n<\/ul>\t\t\t\t\t\t\t\t<\/div>\n\t\t\t\t\t<\/div>\n\t\t\t\t<\/div>\n\t\t\t\t<\/div>\n\t\t","protected":false},"excerpt":{"rendered":"<p>Retour Menu Jeu de R\u00f4le Jeux de R\u00f4le Pr\u00e9sentation de l&#8217;activit\u00e9 De quoi s\u2019agit-il ? Un jeu de r\u00f4le : c&#8217;est un jeu ou chaque joueur incarne un personnage, il joue un r\u00f4le. Nous jouerons \u00e0 une forme classique du jeu de r\u00f4le : il y aura un ma\u00eetre du jeu (MJ) qui se chargera des descriptions et de l&#8217;adversit\u00e9. M\u00e9di\u00e9val : Le cadre de jeu prend place dans un monde m\u00e9di\u00e9val. Le niveau technologique correspond \u00e0 celui de l&#8217;\u00e9poque de Charlemagne. Fantastique : il y a de la magie, des monstres, des cr\u00e9atures fantastiques et bien d&#8217;autres myst\u00e8res. Emergent : Parce que rien n&#8217;est fig\u00e9. Le cadre de jeu \u00e9voluera en fonction des actions des joueurs. Qui peut venir ? Tous les profils de joueurs sont les bienvenus : d\u00e9butant ou confirm\u00e9, occasionnel ou assidu. Et m\u00eame des spectateurs, des illustrateurs, des r\u00e9dacteurs. Vous le comprenez, il ne s&#8217;agit pas de s&#8217;inscrire \u00e0 une activit\u00e9 r\u00e9guli\u00e8re et contraignante, mais de participer \u00e0 une aventure commune (apr\u00e8s tout, nous sommes dans un tiers lieu). Comment cela se passe ? Chaque s\u00e9ance fera l&#8217;objet d&#8217;un appel \u00e0 participation. Selon vos disponibilit\u00e9s (et une limite du nombre de joueurs), vous \u00eates libre de venir. Aucun engagement n&#8217;est demand\u00e9. Vous pouvez venir \u00e0 chaque s\u00e9ance ou une fois de temps en temps. Le tarif sera identique \u00e0 celle d&#8217;une Soir\u00e9e Jeu : S\u00e9ance Unique : 5\u20ac Carnet de 5 s\u00e9ances : 20\u20ac Carnet de 10 s\u00e9ances : 30\u20ac L\u2019adh\u00e9sion \u00e0 la Crois\u00e9e est demand\u00e9e Mais \u00e0 quoi on joue, en fait ? Vous jouerez des Patrouilleurs, qui ont pr\u00eat\u00e9 serment de prot\u00e9ger la population. A chaque s\u00e9ance, avec l\u2019aide du MJ, les joueurs choisissent un objectif qu\u2019ils doivent r\u00e9soudre. Les objectifs sont vari\u00e9s : explorer la r\u00e9gion, chasser une cr\u00e9ature dangereuse, r\u00e9soudre un conflit local, enqu\u00eater sur une faction mal\u00e9fique, etc. Une s\u00e9ance aura un d\u00e9but et une conclusion. L&#8217;histoire de cette de s\u00e9ance fera partie de notre grande histoire de Oltr\u00e9\u00e9.<\/p>\n","protected":false},"author":1,"featured_media":0,"parent":771,"menu_order":0,"comment_status":"closed","ping_status":"closed","template":"elementor_header_footer","meta":{"footnotes":""},"class_list":["post-823","page","type-page","status-publish","hentry"],"_links":{"self":[{"href":"https:\/\/www.tierslieulacroisee.fr\/index.php\/wp-json\/wp\/v2\/pages\/823","targetHints":{"allow":["GET"]}}],"collection":[{"href":"https:\/\/www.tierslieulacroisee.fr\/index.php\/wp-json\/wp\/v2\/pages"}],"about":[{"href":"https:\/\/www.tierslieulacroisee.fr\/index.php\/wp-json\/wp\/v2\/types\/page"}],"author":[{"embeddable":true,"href":"https:\/\/www.tierslieulacroisee.fr\/index.php\/wp-json\/wp\/v2\/users\/1"}],"replies":[{"embeddable":true,"href":"https:\/\/www.tierslieulacroisee.fr\/index.php\/wp-json\/wp\/v2\/comments?post=823"}],"version-history":[{"count":32,"href":"https:\/\/www.tierslieulacroisee.fr\/index.php\/wp-json\/wp\/v2\/pages\/823\/revisions"}],"predecessor-version":[{"id":2529,"href":"https:\/\/www.tierslieulacroisee.fr\/index.php\/wp-json\/wp\/v2\/pages\/823\/revisions\/2529"}],"up":[{"embeddable":true,"href":"https:\/\/www.tierslieulacroisee.fr\/index.php\/wp-json\/wp\/v2\/pages\/771"}],"wp:attachment":[{"href":"https:\/\/www.tierslieulacroisee.fr\/index.php\/wp-json\/wp\/v2\/media?parent=823"}],"curies":[{"name":"wp","href":"https:\/\/api.w.org\/{rel}","templated":true}]}}